{"id":996,"date":"2026-03-28T04:54:43","date_gmt":"2026-03-28T04:54:43","guid":{"rendered":"https:\/\/stagro.com.vn\/?post_type=product&#038;p=996"},"modified":"2026-04-01T04:44:10","modified_gmt":"2026-04-01T04:44:10","slug":"scara-robot-inovance-50kg-1200mm","status":"publish","type":"product","link":"https:\/\/stagro.com.vn\/en\/product\/scara-robot-inovance-50kg-1200mm\/","title":{"rendered":"Scara Robot Inovance 50KG, 1200mm"},"content":{"rendered":"<h2>M\u00e3 s\u1ea3n ph\u1ea9m: IR-S50-120Z40S-INT<\/h2>\n<h2>H\u01b0\u1edbng d\u1eabn \u0111\u1ecdc m\u00e3:<\/h2>\n<p><img loading=\"lazy\" decoding=\"async\" class=\"size-full wp-image-829 aligncenter\" title=\"Scara Robot Inovance IR-S4-40Z15S3\" src=\"https:\/\/viasjsc.com\/wp-content\/uploads\/2024\/09\/z5816397651637_3bceafa263df70ec252d3cfdee98b3f0.jpg\" sizes=\"auto, (max-width: 696px) 100vw, 696px\" srcset=\"https:\/\/viasjsc.com\/wp-content\/uploads\/2024\/09\/z5816397651637_3bceafa263df70ec252d3cfdee98b3f0.jpg 696w, https:\/\/viasjsc.com\/wp-content\/uploads\/2024\/09\/z5816397651637_3bceafa263df70ec252d3cfdee98b3f0-300x187.jpg 300w\" alt=\"z5816397651637 3bceafa263df70ec252d3cfdee98b3f0\" width=\"696\" height=\"434\" \/><\/p>","protected":false},"excerpt":{"rendered":"<ul>\n<li aria-level=\"1\">T\u1ea3i tr\u1ecdng: 50kg<\/li>\n<li aria-level=\"1\">Chi\u1ec1u d\u00e0i c\u00e1nh tay: 1200mm<\/li>\n<li aria-level=\"1\">\u0110\u1ed9 ch\u00ednh x\u00e1c cao, t\u1ed1c \u0111\u1ed9 nhanh, k\u1ebft c\u1ea5u c\u1ee9ng v\u1eefng nh\u01b0ng linh ho\u1ea1t<\/li>\n<li aria-level=\"1\">SKU: IR-S50-120Z40S-INT<\/li>\n<\/ul>\n<p data-start=\"0\" data-end=\"179\">Robot SCARA d\u00f2ng IR-S50 l\u00e0 d\u00f2ng robot t\u1ea3i n\u1eb7ng, c\u00f3 t\u1ea7m v\u1edbi t\u1ed1i \u0111a 1200mm, t\u1ea3i tr\u1ecdng 50kg v\u00e0 h\u00e0nh tr\u00ecnh tr\u1ee5c Z 400mm. Robot c\u00f3 \u0111\u1ed9 c\u1ee9ng cao, linh ho\u1ea1t, ho\u1ea1t \u0111\u1ed9ng nhanh v\u00e0 ch\u00ednh x\u00e1c. \u0110\u01b0\u1ee3c \u1ee9ng d\u1ee5ng r\u1ed9ng r\u00e3i trong c\u00e1c c\u00f4ng vi\u1ec7c nh\u01b0 g\u1eafp \u0111\u1eb7t, c\u1ea5p\/x\u1ea3 li\u1ec7u, l\u1eafp r\u00e1p, b\u1eafn keo, b\u1eaft v\u00edt, d\u00e1n nh\u00e3n, ph\u00e2n lo\u1ea1i\u2026 trong c\u00e1c ng\u00e0nh n\u0103ng l\u01b0\u1ee3ng m\u1edbi, 3C, th\u1ef1c ph\u1ea9m v\u00e0 \u0111\u00f3ng g\u00f3i.<\/p>","protected":false},"featured_media":1000,"comment_status":"open","ping_status":"closed","template":"","meta":{"_acf_changed":false},"product_brand":[73],"product_cat":[57,23],"product_tag":[],"class_list":{"0":"post-996","1":"product","2":"type-product","3":"status-publish","4":"has-post-thumbnail","6":"product_brand-inovance","7":"product_cat-robot-robot","8":"product_cat-robot","10":"first","11":"instock","12":"featured","13":"shipping-taxable","14":"product-type-simple"},"acf":[],"_links":{"self":[{"href":"https:\/\/stagro.com.vn\/en\/wp-json\/wp\/v2\/product\/996","targetHints":{"allow":["GET"]}}],"collection":[{"href":"https:\/\/stagro.com.vn\/en\/wp-json\/wp\/v2\/product"}],"about":[{"href":"https:\/\/stagro.com.vn\/en\/wp-json\/wp\/v2\/types\/product"}],"replies":[{"embeddable":true,"href":"https:\/\/stagro.com.vn\/en\/wp-json\/wp\/v2\/comments?post=996"}],"wp:featuredmedia":[{"embeddable":true,"href":"https:\/\/stagro.com.vn\/en\/wp-json\/wp\/v2\/media\/1000"}],"wp:attachment":[{"href":"https:\/\/stagro.com.vn\/en\/wp-json\/wp\/v2\/media?parent=996"}],"wp:term":[{"taxonomy":"product_brand","embeddable":true,"href":"https:\/\/stagro.com.vn\/en\/wp-json\/wp\/v2\/product_brand?post=996"},{"taxonomy":"product_cat","embeddable":true,"href":"https:\/\/stagro.com.vn\/en\/wp-json\/wp\/v2\/product_cat?post=996"},{"taxonomy":"product_tag","embeddable":true,"href":"https:\/\/stagro.com.vn\/en\/wp-json\/wp\/v2\/product_tag?post=996"}],"curies":[{"name":"wp","href":"https:\/\/api.w.org\/{rel}","templated":true}]}}