{"id":983,"date":"2026-03-28T03:27:51","date_gmt":"2026-03-28T03:27:51","guid":{"rendered":"https:\/\/stagro.com.vn\/?post_type=product&#038;p=983"},"modified":"2026-04-01T04:44:26","modified_gmt":"2026-04-01T04:44:26","slug":"scara-robot-inovance-20kg-1000mm","status":"publish","type":"product","link":"https:\/\/stagro.com.vn\/en\/product\/scara-robot-inovance-20kg-1000mm\/","title":{"rendered":"Scara Robot Inovance 20KG, 1000mm"},"content":{"rendered":"<h2>M\u00e3 s\u1ea3n ph\u1ea9m: IR-S20-100Z42S-INT<\/h2>\n<h2>H\u01b0\u1edbng d\u1eabn \u0111\u1ecdc m\u00e3:<\/h2>\n<p><img loading=\"lazy\" decoding=\"async\" class=\"size-full wp-image-829 aligncenter\" title=\"Scara Robot Inovance IR-S4-40Z15S3\" src=\"https:\/\/viasjsc.com\/wp-content\/uploads\/2024\/09\/z5816397651637_3bceafa263df70ec252d3cfdee98b3f0.jpg\" sizes=\"auto, (max-width: 696px) 100vw, 696px\" srcset=\"https:\/\/viasjsc.com\/wp-content\/uploads\/2024\/09\/z5816397651637_3bceafa263df70ec252d3cfdee98b3f0.jpg 696w, https:\/\/viasjsc.com\/wp-content\/uploads\/2024\/09\/z5816397651637_3bceafa263df70ec252d3cfdee98b3f0-300x187.jpg 300w\" alt=\"z5816397651637 3bceafa263df70ec252d3cfdee98b3f0\" width=\"696\" height=\"434\" \/><\/p>","protected":false},"excerpt":{"rendered":"<ul>\n<li aria-level=\"1\">T\u1ea3i tr\u1ecdng: 20kg<\/li>\n<li aria-level=\"1\">Chi\u1ec1u d\u00e0i c\u00e1nh tay: 1000mm<\/li>\n<li aria-level=\"1\">\u0110\u1ed9 \u1ed5n \u0111\u1ecbnh: \u00b10.01 mm<\/li>\n<li aria-level=\"1\">SKU: IR-S20-100Z42S-INT<\/li>\n<\/ul>\n<p>Tr\u1ee5c th\u1ee9 4 c\u1ee7a robot SCARA d\u00f2ng IR-S20 s\u1eed d\u1ee5ng b\u1ed9 truy\u1ec1n <span class=\"hover:entity-accent entity-underline inline cursor-pointer align-baseline\"><span class=\"whitespace-normal\">Harmonic Drive<\/span><\/span>, gi\u00fap \u0111\u1ea1t \u0111\u01b0\u1ee3c qu\u00e1n t\u00ednh cao, \u0111\u1ed9 c\u1ee9ng v\u1eefng l\u1edbn v\u00e0 \u0111\u1ed9 ch\u00ednh x\u00e1c r\u1ea5t cao trong qu\u00e1 tr\u00ecnh v\u1eadn h\u00e0nh. Robot \u0111\u01b0\u1ee3c trang b\u1ecb t\u1ee7 \u0111i\u1ec1u khi\u1ec3n hi\u1ec7u su\u1ea5t cao IRCB500 control cabinet, mang l\u1ea1i kh\u1ea3 n\u0103ng v\u1eadn h\u00e0nh \u1ed5n \u0111\u1ecbnh, d\u1ec5 s\u1eed d\u1ee5ng v\u00e0 \u0111\u1ed9 tin c\u1eady cao. Nh\u1edd nh\u1eefng \u0111\u1eb7c \u0111i\u1ec3m n\u00e0y, robot \u0111\u01b0\u1ee3c \u1ee9ng d\u1ee5ng r\u1ed9ng r\u00e3i trong c\u00e1c ng\u00e0nh nh\u01b0 s\u1ea3n xu\u1ea5t pin lithium, linh ki\u1ec7n \u00f4 t\u00f4 v\u00e0 c\u00e1c chi ti\u1ebft k\u00edch th\u01b0\u1edbc l\u1edbn, \u0111\u1eb7c bi\u1ec7t ph\u00f9 h\u1ee3p v\u1edbi c\u00e1c \u0111i\u1ec1u ki\u1ec7n l\u00e0m vi\u1ec7c t\u1ea3i n\u1eb7ng.<\/p>","protected":false},"featured_media":985,"comment_status":"open","ping_status":"closed","template":"","meta":{"_acf_changed":false},"product_brand":[73],"product_cat":[57,23],"product_tag":[],"class_list":{"0":"post-983","1":"product","2":"type-product","3":"status-publish","4":"has-post-thumbnail","6":"product_brand-inovance","7":"product_cat-robot-robot","8":"product_cat-robot","10":"first","11":"instock","12":"featured","13":"shipping-taxable","14":"product-type-simple"},"acf":[],"_links":{"self":[{"href":"https:\/\/stagro.com.vn\/en\/wp-json\/wp\/v2\/product\/983","targetHints":{"allow":["GET"]}}],"collection":[{"href":"https:\/\/stagro.com.vn\/en\/wp-json\/wp\/v2\/product"}],"about":[{"href":"https:\/\/stagro.com.vn\/en\/wp-json\/wp\/v2\/types\/product"}],"replies":[{"embeddable":true,"href":"https:\/\/stagro.com.vn\/en\/wp-json\/wp\/v2\/comments?post=983"}],"wp:featuredmedia":[{"embeddable":true,"href":"https:\/\/stagro.com.vn\/en\/wp-json\/wp\/v2\/media\/985"}],"wp:attachment":[{"href":"https:\/\/stagro.com.vn\/en\/wp-json\/wp\/v2\/media?parent=983"}],"wp:term":[{"taxonomy":"product_brand","embeddable":true,"href":"https:\/\/stagro.com.vn\/en\/wp-json\/wp\/v2\/product_brand?post=983"},{"taxonomy":"product_cat","embeddable":true,"href":"https:\/\/stagro.com.vn\/en\/wp-json\/wp\/v2\/product_cat?post=983"},{"taxonomy":"product_tag","embeddable":true,"href":"https:\/\/stagro.com.vn\/en\/wp-json\/wp\/v2\/product_tag?post=983"}],"curies":[{"name":"wp","href":"https:\/\/api.w.org\/{rel}","templated":true}]}}