{"id":960,"date":"2026-02-24T02:21:04","date_gmt":"2026-02-24T02:21:04","guid":{"rendered":"https:\/\/stagro.com.vn\/?post_type=product&#038;p=960"},"modified":"2026-02-24T02:22:17","modified_gmt":"2026-02-24T02:22:17","slug":"servo-motor-inovance-750w-ms1h4-no-brake","status":"publish","type":"product","link":"https:\/\/stagro.com.vn\/en\/product\/servo-motor-inovance-750w-ms1h4-no-brake\/","title":{"rendered":"Servo Motor Inovance 750W MS1H4 No Brake"},"content":{"rendered":"<h3 data-start=\"199\" data-end=\"220\">\u00a0<strong>M\u00f4 t\u1ea3 ng\u1eafn g\u1ecdn<\/strong><\/h3>\n<p data-start=\"221\" data-end=\"261\">\u0110\u00e2y l\u00e0 <strong data-start=\"228\" data-end=\"260\">servo motor AC hi\u1ec7u su\u1ea5t cao<\/strong>:<\/p>\n<ul data-start=\"262\" data-end=\"447\">\n<li data-start=\"262\" data-end=\"316\">\n<p data-start=\"264\" data-end=\"316\">Thi\u1ebft k\u1ebf cho <strong data-start=\"277\" data-end=\"305\">\u0111i\u1ec1u khi\u1ec3n v\u1ecb tr\u00ed\/t\u1ed1c \u0111\u1ed9<\/strong> ch\u00ednh x\u00e1c.<\/p>\n<\/li>\n<li data-start=\"317\" data-end=\"374\">\n<p data-start=\"319\" data-end=\"374\">T\u01b0\u01a1ng th\u00edch t\u1ed1t v\u1edbi <strong data-start=\"339\" data-end=\"363\">servo drive Inovance<\/strong> nh\u01b0 SV660.<\/p>\n<\/li>\n<li data-start=\"375\" data-end=\"447\">\n<p data-start=\"377\" data-end=\"447\">Ph\u00f9 h\u1ee3p cho <strong data-start=\"389\" data-end=\"446\">m\u00e1y CNC, robot, pick-and-place, b\u0103ng t\u1ea3i, m\u00e1y \u00e9p nh\u1ef1a<\/strong>\u2026<\/p>\n<\/li>\n<\/ul>\n<p data-start=\"809\" data-end=\"954\"><a href=\"https:\/\/stagro.com.vn\/wp-content\/uploads\/2025\/12\/chon-dc-scaled-e1767102291437.png\"><img loading=\"lazy\" decoding=\"async\" class=\"aligncenter wp-image-819 size-full\" src=\"https:\/\/stagro.com.vn\/wp-content\/uploads\/2025\/12\/chon-dc-scaled-e1767102291437.png\" alt=\"\" width=\"1805\" height=\"2044\" srcset=\"https:\/\/stagro.com.vn\/wp-content\/uploads\/2025\/12\/chon-dc-scaled-e1767102291437.png 1805w, https:\/\/stagro.com.vn\/wp-content\/uploads\/2025\/12\/chon-dc-scaled-e1767102291437-265x300.png 265w, https:\/\/stagro.com.vn\/wp-content\/uploads\/2025\/12\/chon-dc-scaled-e1767102291437-904x1024.png 904w, https:\/\/stagro.com.vn\/wp-content\/uploads\/2025\/12\/chon-dc-scaled-e1767102291437-768x870.png 768w, https:\/\/stagro.com.vn\/wp-content\/uploads\/2025\/12\/chon-dc-scaled-e1767102291437-1356x1536.png 1356w, https:\/\/stagro.com.vn\/wp-content\/uploads\/2025\/12\/chon-dc-scaled-e1767102291437-11x12.png 11w, https:\/\/stagro.com.vn\/wp-content\/uploads\/2025\/12\/chon-dc-scaled-e1767102291437-600x679.png 600w\" sizes=\"auto, (max-width: 1805px) 100vw, 1805px\" \/><\/a><\/p>","protected":false},"excerpt":{"rendered":"<ul>\n<li data-start=\"466\" data-end=\"514\">\n<p data-start=\"468\" data-end=\"514\"><strong data-start=\"468\" data-end=\"485\">Lo\u1ea1i \u0111\u1ed9ng c\u01a1:<\/strong> Servo AC nh\u1ecf (servo motor)<\/p>\n<\/li>\n<li data-start=\"515\" data-end=\"553\">\n<p data-start=\"517\" data-end=\"553\"><strong data-start=\"517\" data-end=\"527\">Model:<\/strong> MS1H4-75B30CB-A331R-INT<\/p>\n<\/li>\n<li data-start=\"554\" data-end=\"587\">\n<p data-start=\"556\" data-end=\"587\"><strong data-start=\"556\" data-end=\"579\">C\u00f4ng su\u1ea5t \u0111\u1ecbnh m\u1ee9c:<\/strong> ~750 W<\/p>\n<\/li>\n<li data-start=\"588\" data-end=\"612\">\n<p data-start=\"590\" data-end=\"612\"><strong data-start=\"590\" data-end=\"602\">\u0110i\u1ec7n \u00e1p:<\/strong> 220 VAC<\/p>\n<\/li>\n<li data-start=\"613\" data-end=\"653\">\n<p data-start=\"615\" data-end=\"653\"><strong data-start=\"615\" data-end=\"635\">T\u1ed1c \u0111\u1ed9 \u0111\u1ecbnh m\u1ee9c:<\/strong> ~3000 v\u00f2ng\/ph\u00fat<\/p>\n<\/li>\n<li data-start=\"654\" data-end=\"693\">\n<p data-start=\"656\" data-end=\"693\"><strong data-start=\"656\" data-end=\"681\">M\u00f4-men xo\u1eafn \u0111\u1ecbnh m\u1ee9c:<\/strong> ~0.16 N\u00b7m<\/p>\n<\/li>\n<li data-start=\"694\" data-end=\"732\">\n<p data-start=\"696\" data-end=\"732\"><strong data-start=\"696\" data-end=\"720\">M\u00f4-men xo\u1eafn c\u1ef1c \u0111\u1ea1i:<\/strong> ~0.56 N\u00b7m<\/p>\n<\/li>\n<li data-start=\"733\" data-end=\"779\">\n<p data-start=\"735\" data-end=\"779\"><strong data-start=\"735\" data-end=\"751\">Khung motor:<\/strong> 40 \u00d7 40 mm (flange 40 mm)<\/p>\n<\/li>\n<li data-start=\"780\" data-end=\"820\">\n<p data-start=\"782\" data-end=\"820\"><strong data-start=\"782\" data-end=\"794\">Encoder:<\/strong> 23-bit \u0111\u1ed9 ph\u00e2n gi\u1ea3i cao<\/p>\n<\/li>\n<li data-start=\"821\" data-end=\"883\">\n<p data-start=\"823\" data-end=\"883\"><strong data-start=\"823\" data-end=\"850\">Ph\u01b0\u01a1ng th\u1ee9c \u0111i\u1ec1u khi\u1ec3n:<\/strong> Pulse\/Analog\/EtherCAT\/ CANopen<\/p>\n<\/li>\n<\/ul>","protected":false},"featured_media":814,"comment_status":"open","ping_status":"closed","template":"","meta":{"_acf_changed":false},"product_brand":[],"product_cat":[44,50],"product_tag":[],"class_list":{"0":"post-960","1":"product","2":"type-product","3":"status-publish","4":"has-post-thumbnail","6":"product_cat-servo","7":"product_cat-servo-motor","9":"first","10":"instock","11":"featured","12":"shipping-taxable","13":"purchasable","14":"product-type-simple"},"acf":[],"_links":{"self":[{"href":"https:\/\/stagro.com.vn\/en\/wp-json\/wp\/v2\/product\/960","targetHints":{"allow":["GET"]}}],"collection":[{"href":"https:\/\/stagro.com.vn\/en\/wp-json\/wp\/v2\/product"}],"about":[{"href":"https:\/\/stagro.com.vn\/en\/wp-json\/wp\/v2\/types\/product"}],"replies":[{"embeddable":true,"href":"https:\/\/stagro.com.vn\/en\/wp-json\/wp\/v2\/comments?post=960"}],"wp:featuredmedia":[{"embeddable":true,"href":"https:\/\/stagro.com.vn\/en\/wp-json\/wp\/v2\/media\/814"}],"wp:attachment":[{"href":"https:\/\/stagro.com.vn\/en\/wp-json\/wp\/v2\/media?parent=960"}],"wp:term":[{"taxonomy":"product_brand","embeddable":true,"href":"https:\/\/stagro.com.vn\/en\/wp-json\/wp\/v2\/product_brand?post=960"},{"taxonomy":"product_cat","embeddable":true,"href":"https:\/\/stagro.com.vn\/en\/wp-json\/wp\/v2\/product_cat?post=960"},{"taxonomy":"product_tag","embeddable":true,"href":"https:\/\/stagro.com.vn\/en\/wp-json\/wp\/v2\/product_tag?post=960"}],"curies":[{"name":"wp","href":"https:\/\/api.w.org\/{rel}","templated":true}]}}