{"id":878,"date":"2026-01-01T16:56:49","date_gmt":"2026-01-01T16:56:49","guid":{"rendered":"https:\/\/stagro.com.vn\/?post_type=product&#038;p=878"},"modified":"2026-01-08T09:43:28","modified_gmt":"2026-01-08T09:43:28","slug":"camera-cong-nghiep-irayple-a5031cg300e-2","status":"publish","type":"product","link":"https:\/\/stagro.com.vn\/en\/product\/camera-cong-nghiep-irayple-a5031cg300e-2\/","title":{"rendered":"iRAYPLE Machine Vision Cameras"},"content":{"rendered":"<p data-start=\"171\" data-end=\"696\"><strong data-start=\"181\" data-end=\"196\">A5031CG300E<\/strong> l\u00e0 camera c\u00f4ng nghi\u1ec7p <strong data-start=\"219\" data-end=\"251\">GigE Vision \u0111\u1ed9 ph\u00e2n gi\u1ea3i 5MP<\/strong>, s\u1eed d\u1ee5ng c\u1ea3m bi\u1ebfn <strong data-start=\"270\" data-end=\"293\">CMOS Global Shutter<\/strong> cho ch\u1ea5t l\u01b0\u1ee3ng h\u00ecnh \u1ea3nh \u1ed5n \u0111\u1ecbnh v\u00e0 ch\u00ednh x\u00e1c trong c\u00e1c \u1ee9ng d\u1ee5ng th\u1ecb gi\u00e1c m\u00e1y. Camera h\u1ed7 tr\u1ee3 \u0111\u1ed9 ph\u00e2n gi\u1ea3i <strong data-start=\"399\" data-end=\"414\">2592 \u00d7 2048<\/strong>, truy\u1ec1n d\u1eef li\u1ec7u qua <strong data-start=\"435\" data-end=\"455\">Ethernet Gigabit<\/strong>, c\u00f3 kh\u1ea3 n\u0103ng c\u1ea5p ngu\u1ed3n <strong data-start=\"479\" data-end=\"486\">PoE<\/strong>, gi\u00fap gi\u1ea3m d\u00e2y k\u1ebft n\u1ed1i v\u00e0 d\u1ec5 t\u00edch h\u1ee3p h\u1ec7 th\u1ed1ng. V\u1edbi c\u00e1c ch\u1ee9c n\u0103ng x\u1eed l\u00fd \u1ea3nh nh\u01b0 gain, gamma, LUT, ROI c\u00f9ng nhi\u1ec1u ch\u1ebf \u0111\u1ed9 trigger linh ho\u1ea1t, A5031CG300E ph\u00f9 h\u1ee3p cho c\u00e1c \u1ee9ng d\u1ee5ng ki\u1ec3m tra t\u1ef1 \u0111\u1ed9ng, \u0111\u1ecbnh v\u1ecb s\u1ea3n ph\u1ea9m, \u0111o l\u01b0\u1eddng v\u00e0 d\u00e2y chuy\u1ec1n s\u1ea3n xu\u1ea5t c\u00f4ng nghi\u1ec7p.<\/p>","protected":false},"excerpt":{"rendered":"<ul>\n<li data-start=\"784\" data-end=\"810\">\n<p data-start=\"786\" data-end=\"810\"><strong data-start=\"786\" data-end=\"796\">Model:<\/strong> A5031CG300E<\/p>\n<\/li>\n<li data-start=\"811\" data-end=\"848\">\n<p data-start=\"813\" data-end=\"848\"><strong data-start=\"813\" data-end=\"826\">C\u1ea3m bi\u1ebfn:<\/strong> CMOS Global Shutter<\/p>\n<\/li>\n<li data-start=\"849\" data-end=\"889\">\n<p data-start=\"851\" data-end=\"889\"><strong data-start=\"851\" data-end=\"868\">\u0110\u1ed9 ph\u00e2n gi\u1ea3i:<\/strong> 2592 \u00d7 2048 (5 MP)<\/p>\n<\/li>\n<li data-start=\"890\" data-end=\"931\">\n<p data-start=\"892\" data-end=\"931\"><strong data-start=\"892\" data-end=\"906\">Giao ti\u1ebfp:<\/strong> GigE Vision (Ethernet)<\/p>\n<\/li>\n<li data-start=\"932\" data-end=\"966\">\n<p data-start=\"934\" data-end=\"966\"><strong data-start=\"934\" data-end=\"948\">Ngu\u1ed3n c\u1ea5p:<\/strong> PoE \/ DC 9\u201324 V<\/p>\n<\/li>\n<li data-start=\"967\" data-end=\"997\">\n<p data-start=\"969\" data-end=\"997\"><strong data-start=\"969\" data-end=\"987\">Ng\u00e0m \u1ed1ng k\u00ednh:<\/strong> C-mount<\/p>\n<\/li>\n<li data-start=\"998\" data-end=\"1028\">\n<p data-start=\"1000\" data-end=\"1028\"><strong data-start=\"1000\" data-end=\"1014\">Bit depth:<\/strong> 10 \/ 12 bit<\/p>\n<\/li>\n<li data-start=\"1029\" data-end=\"1060\">\n<p data-start=\"1031\" data-end=\"1060\"><strong data-start=\"1031\" data-end=\"1050\">Chu\u1ea9n ph\u1ea7n m\u1ec1m:<\/strong> GenICam<\/p>\n<\/li>\n<\/ul>","protected":false},"featured_media":928,"comment_status":"open","ping_status":"closed","template":"","meta":{"_acf_changed":false},"product_brand":[],"product_cat":[114,24],"product_tag":[],"class_list":{"0":"post-878","1":"product","2":"type-product","3":"status-publish","4":"has-post-thumbnail","6":"product_cat-camera","7":"product_cat-camera-quet-khu-vuc","9":"first","10":"instock","11":"featured","12":"shipping-taxable","13":"product-type-simple"},"acf":[],"_links":{"self":[{"href":"https:\/\/stagro.com.vn\/en\/wp-json\/wp\/v2\/product\/878","targetHints":{"allow":["GET"]}}],"collection":[{"href":"https:\/\/stagro.com.vn\/en\/wp-json\/wp\/v2\/product"}],"about":[{"href":"https:\/\/stagro.com.vn\/en\/wp-json\/wp\/v2\/types\/product"}],"replies":[{"embeddable":true,"href":"https:\/\/stagro.com.vn\/en\/wp-json\/wp\/v2\/comments?post=878"}],"wp:featuredmedia":[{"embeddable":true,"href":"https:\/\/stagro.com.vn\/en\/wp-json\/wp\/v2\/media\/928"}],"wp:attachment":[{"href":"https:\/\/stagro.com.vn\/en\/wp-json\/wp\/v2\/media?parent=878"}],"wp:term":[{"taxonomy":"product_brand","embeddable":true,"href":"https:\/\/stagro.com.vn\/en\/wp-json\/wp\/v2\/product_brand?post=878"},{"taxonomy":"product_cat","embeddable":true,"href":"https:\/\/stagro.com.vn\/en\/wp-json\/wp\/v2\/product_cat?post=878"},{"taxonomy":"product_tag","embeddable":true,"href":"https:\/\/stagro.com.vn\/en\/wp-json\/wp\/v2\/product_tag?post=878"}],"curies":[{"name":"wp","href":"https:\/\/api.w.org\/{rel}","templated":true}]}}