{"id":876,"date":"2026-01-01T16:50:05","date_gmt":"2026-01-01T16:50:05","guid":{"rendered":"https:\/\/stagro.com.vn\/?post_type=product&#038;p=876"},"modified":"2026-01-08T09:43:39","modified_gmt":"2026-01-08T09:43:39","slug":"camera-cong-nghiep-irayple-a5031cg300e","status":"publish","type":"product","link":"https:\/\/stagro.com.vn\/en\/product\/camera-cong-nghiep-irayple-a5031cg300e\/","title":{"rendered":"iRAYPLE Machine Vision Cameras"},"content":{"rendered":"<p data-start=\"171\" data-end=\"696\"><strong data-start=\"171\" data-end=\"187\">AE3A20MG000E<\/strong> l\u00e0 camera c\u00f4ng nghi\u1ec7p <strong data-start=\"210\" data-end=\"247\">GigE Vision \u0111\u1ed9 ph\u00e2n gi\u1ea3i cao 20MP<\/strong>, \u0111\u01b0\u1ee3c thi\u1ebft k\u1ebf cho c\u00e1c \u1ee9ng d\u1ee5ng th\u1ecb gi\u00e1c m\u00e1y y\u00eau c\u1ea7u h\u00ecnh \u1ea3nh chi ti\u1ebft v\u00e0 \u0111\u1ed9 ch\u00ednh x\u00e1c cao. Camera s\u1eed d\u1ee5ng <strong data-start=\"355\" data-end=\"387\">c\u1ea3m bi\u1ebfn CMOS Global Shutter<\/strong>, cho ph\u00e9p ch\u1ee5p \u1ea3nh s\u1eafc n\u00e9t ngay c\u1ea3 khi \u0111\u1ed1i t\u01b0\u1ee3ng chuy\u1ec3n \u0111\u1ed9ng nhanh. Thi\u1ebft b\u1ecb h\u1ed7 tr\u1ee3 truy\u1ec1n d\u1eef li\u1ec7u qua <strong data-start=\"491\" data-end=\"511\">Ethernet Gigabit<\/strong>, c\u1ea5p ngu\u1ed3n <strong data-start=\"523\" data-end=\"530\">PoE<\/strong>, c\u00f9ng c\u00e1c ch\u1ee9c n\u0103ng x\u1eed l\u00fd \u1ea3nh nh\u01b0 gain, gamma, LUT v\u00e0 ROI, gi\u00fap d\u1ec5 d\u00e0ng t\u00edch h\u1ee3p v\u00e0o h\u1ec7 th\u1ed1ng ki\u1ec3m tra t\u1ef1 \u0111\u1ed9ng, \u0111o l\u01b0\u1eddng h\u00ecnh \u1ea3nh v\u00e0 d\u00e2y chuy\u1ec1n s\u1ea3n xu\u1ea5t c\u00f4ng nghi\u1ec7p.<\/p>","protected":false},"excerpt":{"rendered":"<ul>\n<li data-start=\"737\" data-end=\"764\">\n<p data-start=\"739\" data-end=\"764\"><strong data-start=\"739\" data-end=\"749\">Model:<\/strong> AE3A20MG000E<\/p>\n<\/li>\n<li data-start=\"765\" data-end=\"802\">\n<p data-start=\"767\" data-end=\"802\"><strong data-start=\"767\" data-end=\"780\">C\u1ea3m bi\u1ebfn:<\/strong> CMOS Global Shutter<\/p>\n<\/li>\n<li data-start=\"803\" data-end=\"830\">\n<p data-start=\"805\" data-end=\"830\"><strong data-start=\"805\" data-end=\"822\">\u0110\u1ed9 ph\u00e2n gi\u1ea3i:<\/strong> 20 MP<\/p>\n<\/li>\n<li data-start=\"831\" data-end=\"872\">\n<p data-start=\"833\" data-end=\"872\"><strong data-start=\"833\" data-end=\"847\">Giao ti\u1ebfp:<\/strong> GigE Vision (Ethernet)<\/p>\n<\/li>\n<li data-start=\"873\" data-end=\"907\">\n<p data-start=\"875\" data-end=\"907\"><strong data-start=\"875\" data-end=\"889\">Ngu\u1ed3n c\u1ea5p:<\/strong> PoE \/ DC 9\u201324 V<\/p>\n<\/li>\n<li data-start=\"908\" data-end=\"938\">\n<p data-start=\"910\" data-end=\"938\"><strong data-start=\"910\" data-end=\"928\">Ng\u00e0m \u1ed1ng k\u00ednh:<\/strong> C-mount<\/p>\n<\/li>\n<li data-start=\"939\" data-end=\"969\">\n<p data-start=\"941\" data-end=\"969\"><strong data-start=\"941\" data-end=\"955\">Bit depth:<\/strong> 10 \/ 12 bit<\/p>\n<\/li>\n<li data-start=\"970\" data-end=\"1001\">\n<p data-start=\"972\" data-end=\"1001\"><strong data-start=\"972\" data-end=\"991\">Chu\u1ea9n ph\u1ea7n m\u1ec1m:<\/strong> GenICam<\/p>\n<\/li>\n<\/ul>","protected":false},"featured_media":871,"comment_status":"open","ping_status":"closed","template":"","meta":{"_acf_changed":false},"product_brand":[],"product_cat":[114,24],"product_tag":[],"class_list":{"0":"post-876","1":"product","2":"type-product","3":"status-publish","4":"has-post-thumbnail","6":"product_cat-camera","7":"product_cat-camera-quet-khu-vuc","9":"first","10":"instock","11":"shipping-taxable","12":"product-type-simple"},"acf":[],"_links":{"self":[{"href":"https:\/\/stagro.com.vn\/en\/wp-json\/wp\/v2\/product\/876","targetHints":{"allow":["GET"]}}],"collection":[{"href":"https:\/\/stagro.com.vn\/en\/wp-json\/wp\/v2\/product"}],"about":[{"href":"https:\/\/stagro.com.vn\/en\/wp-json\/wp\/v2\/types\/product"}],"replies":[{"embeddable":true,"href":"https:\/\/stagro.com.vn\/en\/wp-json\/wp\/v2\/comments?post=876"}],"wp:featuredmedia":[{"embeddable":true,"href":"https:\/\/stagro.com.vn\/en\/wp-json\/wp\/v2\/media\/871"}],"wp:attachment":[{"href":"https:\/\/stagro.com.vn\/en\/wp-json\/wp\/v2\/media?parent=876"}],"wp:term":[{"taxonomy":"product_brand","embeddable":true,"href":"https:\/\/stagro.com.vn\/en\/wp-json\/wp\/v2\/product_brand?post=876"},{"taxonomy":"product_cat","embeddable":true,"href":"https:\/\/stagro.com.vn\/en\/wp-json\/wp\/v2\/product_cat?post=876"},{"taxonomy":"product_tag","embeddable":true,"href":"https:\/\/stagro.com.vn\/en\/wp-json\/wp\/v2\/product_tag?post=876"}],"curies":[{"name":"wp","href":"https:\/\/api.w.org\/{rel}","templated":true}]}}