{"id":875,"date":"2026-01-01T16:48:40","date_gmt":"2026-01-01T16:48:40","guid":{"rendered":"https:\/\/stagro.com.vn\/?post_type=product&#038;p=875"},"modified":"2026-01-08T09:44:14","modified_gmt":"2026-01-08T09:44:14","slug":"camera-cong-nghiep-irayple-a3051cg000e-2","status":"publish","type":"product","link":"https:\/\/stagro.com.vn\/en\/product\/camera-cong-nghiep-irayple-a3051cg000e-2\/","title":{"rendered":"iRAYPLE Machine Vision Cameras"},"content":{"rendered":"<p><strong data-start=\"161\" data-end=\"202\"><span class=\"entity-underline hover:entity-accent inline cursor-pointer align-baseline\"><span class=\"whitespace-normal\">Camera C\u00f4ng Nghi\u1ec7p iRAYPLE A3600cu60 USB C\u1ed5ng UOB<\/span><\/span><\/strong> l\u00e0 camera c\u00f4ng nghi\u1ec7p <strong data-start=\"225\" data-end=\"246\">USB3.0 6.2 MP m\u00e0u<\/strong> \u0111\u01b0\u1ee3c thi\u1ebft k\u1ebf cho c\u00e1c h\u1ec7 th\u1ed1ng <strong data-start=\"278\" data-end=\"313\">th\u1ecb gi\u00e1c m\u00e1y\/vision t\u1ef1 \u0111\u1ed9ng h\u00f3a<\/strong>. M\u00e1y s\u1eed d\u1ee5ng c\u1ea3m bi\u1ebfn <strong data-start=\"336\" data-end=\"363\">Sony IMX178 1\/1.8\u201d CMOS<\/strong> v\u1edbi <strong data-start=\"368\" data-end=\"425\">kh\u1ea3 n\u0103ng quay h\u00ecnh Full Resolution 3072\u00d72048 @ 60 fps<\/strong>, h\u1ed7 tr\u1ee3 <strong data-start=\"434\" data-end=\"488\">k\u00edch ho\u1ea1t b\u1eb1ng ph\u1ea7n m\u1ec1m, ph\u1ea7n c\u1ee9ng ho\u1eb7c ch\u1ea1y t\u1ef1 do<\/strong>, c\u00f9ng c\u00e1c ch\u1ee9c n\u0103ng x\u1eed l\u00fd \u1ea3nh nh\u01b0 t\u0103ng \u0111\u1ed9 n\u00e9t, gi\u1ea3m nhi\u1ec5u, gamma, LUT,\u2026 t\u01b0\u01a1ng th\u00edch chu\u1ea9n <strong data-start=\"579\" data-end=\"604\">USB3 Vision &amp; GenICam<\/strong>. Thi\u1ebft b\u1ecb nh\u1ecf g\u1ecdn, d\u1ec5 t\u00edch h\u1ee3p v\u00e0 ph\u00f9 h\u1ee3p cho ki\u1ec3m tra s\u1ea3n ph\u1ea9m, \u0111o l\u01b0\u1eddng h\u00ecnh \u1ea3nh trong \u1ee9ng d\u1ee5ng c\u00f4ng nghi\u1ec7p.<\/p>","protected":false},"excerpt":{"rendered":"<ul>\n<li style=\"list-style-type: none;\" data-start=\"732\" data-end=\"780\">\n<ul>\n<li data-start=\"794\" data-end=\"878\">\n<p data-start=\"796\" data-end=\"878\"><strong data-start=\"796\" data-end=\"809\">C\u1ea3m bi\u1ebfn:<\/strong> Sony IMX178 CMOS m\u00e0u, 1\/1.8\u2033<\/p>\n<\/li>\n<li data-start=\"794\" data-end=\"878\">\n<p data-start=\"796\" data-end=\"878\"><strong data-start=\"881\" data-end=\"898\">\u0110\u1ed9 ph\u00e2n gi\u1ea3i:<\/strong> 3072 \u00d7 2048 (\u22486.2 MP)<\/p>\n<\/li>\n<li data-start=\"961\" data-end=\"1039\">\n<p data-start=\"963\" data-end=\"1039\"><strong data-start=\"963\" data-end=\"974\">T\u1ed1c \u0111\u1ed9:<\/strong> 60 fps @ full resolution<\/p>\n<\/li>\n<li data-start=\"1040\" data-end=\"1110\">\n<p data-start=\"1042\" data-end=\"1110\"><strong data-start=\"1042\" data-end=\"1054\">Shutter:<\/strong> Rolling shutter<\/p>\n<\/li>\n<li data-start=\"1111\" data-end=\"1192\">\n<p data-start=\"1113\" data-end=\"1192\"><strong data-start=\"1113\" data-end=\"1127\">Giao ti\u1ebfp:<\/strong> <strong data-start=\"1128\" data-end=\"1152\">USB3.0 \/ USB3 Vision<\/strong><\/p>\n<\/li>\n<li data-start=\"1193\" data-end=\"1310\">\n<p data-start=\"1195\" data-end=\"1310\"><strong data-start=\"1195\" data-end=\"1212\">ISP t\u00edch h\u1ee3p:<\/strong> Gain, gamma, LUT, ch\u1ec9nh \u0111\u1ed9 s\u00e1ng\/\u0111\u1ed9 t\u01b0\u01a1ng ph\u1ea3n, gi\u1ea3m nhi\u1ec5u<\/p>\n<\/li>\n<li data-start=\"1311\" data-end=\"1394\">\n<p data-start=\"1313\" data-end=\"1394\"><strong data-start=\"1313\" data-end=\"1327\">K\u00edch ho\u1ea1t:<\/strong> Software\/Hardware\/Free-run<\/p>\n<\/li>\n<li data-start=\"1395\" data-end=\"1462\">\n<p data-start=\"1397\" data-end=\"1462\"><strong data-start=\"1397\" data-end=\"1412\">Lens mount:<\/strong> C-mount<\/p>\n<\/li>\n<li data-start=\"1463\" data-end=\"1530\">\n<p data-start=\"1465\" data-end=\"1530\"><strong data-start=\"1465\" data-end=\"1476\">H\u1ed7 tr\u1ee3:<\/strong> GenICam chu\u1ea9n<\/p>\n<\/li>\n<\/ul>\n<\/li>\n<\/ul>","protected":false},"featured_media":928,"comment_status":"open","ping_status":"closed","template":"","meta":{"_acf_changed":false},"product_brand":[],"product_cat":[114,24],"product_tag":[],"class_list":{"0":"post-875","1":"product","2":"type-product","3":"status-publish","4":"has-post-thumbnail","6":"product_cat-camera","7":"product_cat-camera-quet-khu-vuc","9":"first","10":"instock","11":"shipping-taxable","12":"product-type-simple"},"acf":[],"_links":{"self":[{"href":"https:\/\/stagro.com.vn\/en\/wp-json\/wp\/v2\/product\/875","targetHints":{"allow":["GET"]}}],"collection":[{"href":"https:\/\/stagro.com.vn\/en\/wp-json\/wp\/v2\/product"}],"about":[{"href":"https:\/\/stagro.com.vn\/en\/wp-json\/wp\/v2\/types\/product"}],"replies":[{"embeddable":true,"href":"https:\/\/stagro.com.vn\/en\/wp-json\/wp\/v2\/comments?post=875"}],"wp:featuredmedia":[{"embeddable":true,"href":"https:\/\/stagro.com.vn\/en\/wp-json\/wp\/v2\/media\/928"}],"wp:attachment":[{"href":"https:\/\/stagro.com.vn\/en\/wp-json\/wp\/v2\/media?parent=875"}],"wp:term":[{"taxonomy":"product_brand","embeddable":true,"href":"https:\/\/stagro.com.vn\/en\/wp-json\/wp\/v2\/product_brand?post=875"},{"taxonomy":"product_cat","embeddable":true,"href":"https:\/\/stagro.com.vn\/en\/wp-json\/wp\/v2\/product_cat?post=875"},{"taxonomy":"product_tag","embeddable":true,"href":"https:\/\/stagro.com.vn\/en\/wp-json\/wp\/v2\/product_tag?post=875"}],"curies":[{"name":"wp","href":"https:\/\/api.w.org\/{rel}","templated":true}]}}