{"id":848,"date":"2026-01-01T06:35:16","date_gmt":"2026-01-01T06:35:16","guid":{"rendered":"https:\/\/stagro.com.vn\/?post_type=product&#038;p=848"},"modified":"2026-04-01T04:46:16","modified_gmt":"2026-04-01T04:46:16","slug":"scara-robot-inovance-ir-s7-50z17c3-int","status":"publish","type":"product","link":"https:\/\/stagro.com.vn\/en\/product\/scara-robot-inovance-ir-s7-50z17c3-int\/","title":{"rendered":"Scara Robot Inovance 7KG, 500mm"},"content":{"rendered":"<div class=\"relative p-1 rounded-sm flex items-center justify-center bg-token-main-surface-primary text-token-text-primary h-8 w-8\">IR-S7-50Z17C3-INT l\u00e0 Scara Robot Inovance c\u00f3 hi\u1ec7u su\u1ea5t cao, d\u1ec5 b\u1ea3o tr\u00ec v\u00e0 thi\u1ebft k\u1ebf g\u1ecdn nh\u1eb9. Ph\u00f9 h\u1ee3p cho c\u00e1c ng\u00e0nh 3C, pin lithium, quang \u0111i\u1ec7n, m\u00e0n h\u00ecnh v\u00e0 \u1ee9ng d\u1ee5ng l\u1eafp r\u00e1p, ph\u1ee7 keo.<\/div>\n<h2>H\u01b0\u1edbng d\u1eabn \u0111\u1ecdc m\u00e3:<\/h2>\n<p><img loading=\"lazy\" decoding=\"async\" class=\"size-full wp-image-829 aligncenter\" title=\"Scara Robot Inovance IR-S4-40Z15S3\" src=\"https:\/\/viasjsc.com\/wp-content\/uploads\/2024\/09\/z5816397651637_3bceafa263df70ec252d3cfdee98b3f0.jpg\" sizes=\"auto, (max-width: 696px) 100vw, 696px\" srcset=\"https:\/\/viasjsc.com\/wp-content\/uploads\/2024\/09\/z5816397651637_3bceafa263df70ec252d3cfdee98b3f0.jpg 696w, https:\/\/viasjsc.com\/wp-content\/uploads\/2024\/09\/z5816397651637_3bceafa263df70ec252d3cfdee98b3f0-300x187.jpg 300w\" alt=\"z5816397651637 3bceafa263df70ec252d3cfdee98b3f0\" width=\"696\" height=\"434\" \/><\/p>","protected":false},"excerpt":{"rendered":"<ul>\n<li data-start=\"502\" data-end=\"554\">Model: IR-S7-50Z17C3-INT<\/li>\n<li data-start=\"502\" data-end=\"554\">\n<p data-start=\"504\" data-end=\"554\"><strong data-start=\"504\" data-end=\"513\">Lo\u1ea1i:<\/strong> Robot SCARA 4 tr\u1ee5c, t\u00edch h\u1ee3p s\u1eb5n (INT)<\/p>\n<\/li>\n<li data-start=\"555\" data-end=\"597\">\n<p data-start=\"557\" data-end=\"597\"><strong data-start=\"557\" data-end=\"578\">T\u1ea3i tr\u1ecdng t\u1ed1i \u0111a:<\/strong> l\u00ean \u0111\u1ebfn <strong data-start=\"587\" data-end=\"595\">7 kg<\/strong><\/p>\n<\/li>\n<li data-start=\"598\" data-end=\"681\">\n<p data-start=\"600\" data-end=\"681\"><strong data-start=\"600\" data-end=\"623\">Chi\u1ec1u d\u00e0i c\u00e1nh tay:<\/strong> <strong data-start=\"624\" data-end=\"634\">500 mm<\/strong> (m\u00e3 50 trong t\u00ean s\u1ea3n ph\u1ea9m ch\u1ec9 chi\u1ec1u d\u00e0i n\u00e0y)<\/p>\n<\/li>\n<li data-start=\"682\" data-end=\"731\">\n<p data-start=\"684\" data-end=\"731\"><strong data-start=\"684\" data-end=\"699\">\u0110\u1ed9 l\u1eb7p l\u1ea1i:<\/strong> \u00b10.02 mm (cho c\u00e1c tr\u1ee5c ch\u00ednh)<\/p>\n<\/li>\n<li data-start=\"732\" data-end=\"781\">\n<p data-start=\"734\" data-end=\"781\"><strong data-start=\"734\" data-end=\"764\">Th\u1eddi gian chu k\u1ef3 l\u00e0m vi\u1ec7c:<\/strong> ~0.35 \u2013 0.36 s<\/p>\n<\/li>\n<li data-start=\"782\" data-end=\"932\">\n<p data-start=\"784\" data-end=\"932\"><strong data-start=\"784\" data-end=\"831\">C\u1ea5p \u0111\u1ed9 ch\u00ednh x\u00e1c cao v\u00e0 v\u1eadn h\u00e0nh t\u1ed1c \u0111\u1ed9 l\u1edbn<\/strong> ph\u00f9 h\u1ee3p d\u00e2y chuy\u1ec1n l\u1eafp r\u00e1p, g\u1eafp-\u0111\u1eb7t, x\u1eed l\u00fd v\u1eadt li\u1ec7u ch\u00ednh<\/p>\n<\/li>\n<\/ul>","protected":false},"featured_media":840,"comment_status":"open","ping_status":"closed","template":"","meta":{"_acf_changed":false},"product_brand":[73],"product_cat":[57,23],"product_tag":[],"class_list":{"0":"post-848","1":"product","2":"type-product","3":"status-publish","4":"has-post-thumbnail","6":"product_brand-inovance","7":"product_cat-robot-robot","8":"product_cat-robot","10":"first","11":"instock","12":"shipping-taxable","13":"purchasable","14":"product-type-simple"},"acf":[],"_links":{"self":[{"href":"https:\/\/stagro.com.vn\/en\/wp-json\/wp\/v2\/product\/848","targetHints":{"allow":["GET"]}}],"collection":[{"href":"https:\/\/stagro.com.vn\/en\/wp-json\/wp\/v2\/product"}],"about":[{"href":"https:\/\/stagro.com.vn\/en\/wp-json\/wp\/v2\/types\/product"}],"replies":[{"embeddable":true,"href":"https:\/\/stagro.com.vn\/en\/wp-json\/wp\/v2\/comments?post=848"}],"wp:featuredmedia":[{"embeddable":true,"href":"https:\/\/stagro.com.vn\/en\/wp-json\/wp\/v2\/media\/840"}],"wp:attachment":[{"href":"https:\/\/stagro.com.vn\/en\/wp-json\/wp\/v2\/media?parent=848"}],"wp:term":[{"taxonomy":"product_brand","embeddable":true,"href":"https:\/\/stagro.com.vn\/en\/wp-json\/wp\/v2\/product_brand?post=848"},{"taxonomy":"product_cat","embeddable":true,"href":"https:\/\/stagro.com.vn\/en\/wp-json\/wp\/v2\/product_cat?post=848"},{"taxonomy":"product_tag","embeddable":true,"href":"https:\/\/stagro.com.vn\/en\/wp-json\/wp\/v2\/product_tag?post=848"}],"curies":[{"name":"wp","href":"https:\/\/api.w.org\/{rel}","templated":true}]}}