{"id":834,"date":"2025-12-31T08:21:52","date_gmt":"2025-12-31T08:21:52","guid":{"rendered":"https:\/\/stagro.com.vn\/?post_type=product&#038;p=834"},"modified":"2026-04-01T04:46:29","modified_gmt":"2026-04-01T04:46:29","slug":"scara-robot-inovance-ir-s4-40z15s3","status":"publish","type":"product","link":"https:\/\/stagro.com.vn\/en\/product\/scara-robot-inovance-ir-s4-40z15s3\/","title":{"rendered":"Scara Robot Inovance 4KG, 400mm"},"content":{"rendered":"<div class=\"relative p-1 rounded-sm flex items-center justify-center bg-token-main-surface-primary text-token-text-primary h-8 w-8\">IR-S4-40Z15S3 l\u00e0 Scara Robot Inovance c\u00f3 hi\u1ec7u su\u1ea5t cao, d\u1ec5 b\u1ea3o tr\u00ec v\u00e0 thi\u1ebft k\u1ebf g\u1ecdn nh\u1eb9. Ph\u00f9 h\u1ee3p cho c\u00e1c ng\u00e0nh 3C, pin lithium, quang \u0111i\u1ec7n, m\u00e0n h\u00ecnh v\u00e0 \u1ee9ng d\u1ee5ng l\u1eafp r\u00e1p, ph\u1ee7 keo.<\/div>\n<h2>H\u01b0\u1edbng d\u1eabn \u0111\u1ecdc m\u00e3:<\/h2>\n<p><img loading=\"lazy\" decoding=\"async\" class=\"size-full wp-image-829 aligncenter\" title=\"Scara Robot Inovance IR-S4-40Z15S3\" src=\"https:\/\/viasjsc.com\/wp-content\/uploads\/2024\/09\/z5816397651637_3bceafa263df70ec252d3cfdee98b3f0.jpg\" sizes=\"auto, (max-width: 696px) 100vw, 696px\" srcset=\"https:\/\/viasjsc.com\/wp-content\/uploads\/2024\/09\/z5816397651637_3bceafa263df70ec252d3cfdee98b3f0.jpg 696w, https:\/\/viasjsc.com\/wp-content\/uploads\/2024\/09\/z5816397651637_3bceafa263df70ec252d3cfdee98b3f0-300x187.jpg 300w\" alt=\"z5816397651637 3bceafa263df70ec252d3cfdee98b3f0\" width=\"696\" height=\"434\" \/><\/p>","protected":false},"excerpt":{"rendered":"<ul>\n<li aria-level=\"1\">T\u1ea3i tr\u1ecdng: 4kg<\/li>\n<li aria-level=\"1\">Chi\u1ec1u d\u00e0i c\u00e1nh tay: 400mm<\/li>\n<li aria-level=\"1\">Hi\u1ec7u su\u1ea5t: 0.342s<\/li>\n<li aria-level=\"1\">\u0110\u1ed9 \u1ed5n \u0111\u1ecbnh: \u00b10.01 mm<\/li>\n<li aria-level=\"1\">SKU: IR-S4-40Z15S<\/li>\n<\/ul>\n<p>D\u00f2ng IR-S4 hay IR-S4-40Z15S l\u00e0 robot SCARA Inovance c\u00f3 ch\u1ecbu t\u1ea3i cao, nhi\u1ec1u t\u00f9y ch\u1ecdn c\u00e1ch tay, hi\u1ec7u su\u1ea5t cao, b\u1ea3o tr\u00ec d\u1ec5 d\u00e0ng v\u00e0 c\u1ea5u tr\u00fac nh\u1ecf g\u1ecdn. Chi\u1ec1u cao c\u1ee7a robot to\u00e0n b\u1ed9 m\u00e1y t\u1ed1i \u01b0u \u0111\u1ea7u ng\u00e0nh. Th\u00e2n m\u00e1y nh\u1ecf g\u1ecdn v\u00e0 nh\u1ecbp \u0111i\u1ec7u hi\u1ec7u qu\u1ea3 c\u00f3 th\u1ec3 \u0111\u01b0\u1ee3c \u0111i\u1ec1u ch\u1ec9nh cho nhi\u1ec1u \u1ee9ng d\u1ee5ng.<\/p>","protected":false},"featured_media":836,"comment_status":"open","ping_status":"closed","template":"","meta":{"_acf_changed":false},"product_brand":[73],"product_cat":[57,23],"product_tag":[],"class_list":{"0":"post-834","1":"product","2":"type-product","3":"status-publish","4":"has-post-thumbnail","6":"product_brand-inovance","7":"product_cat-robot-robot","8":"product_cat-robot","10":"first","11":"instock","12":"shipping-taxable","13":"purchasable","14":"product-type-simple"},"acf":[],"_links":{"self":[{"href":"https:\/\/stagro.com.vn\/en\/wp-json\/wp\/v2\/product\/834","targetHints":{"allow":["GET"]}}],"collection":[{"href":"https:\/\/stagro.com.vn\/en\/wp-json\/wp\/v2\/product"}],"about":[{"href":"https:\/\/stagro.com.vn\/en\/wp-json\/wp\/v2\/types\/product"}],"replies":[{"embeddable":true,"href":"https:\/\/stagro.com.vn\/en\/wp-json\/wp\/v2\/comments?post=834"}],"wp:featuredmedia":[{"embeddable":true,"href":"https:\/\/stagro.com.vn\/en\/wp-json\/wp\/v2\/media\/836"}],"wp:attachment":[{"href":"https:\/\/stagro.com.vn\/en\/wp-json\/wp\/v2\/media?parent=834"}],"wp:term":[{"taxonomy":"product_brand","embeddable":true,"href":"https:\/\/stagro.com.vn\/en\/wp-json\/wp\/v2\/product_brand?post=834"},{"taxonomy":"product_cat","embeddable":true,"href":"https:\/\/stagro.com.vn\/en\/wp-json\/wp\/v2\/product_cat?post=834"},{"taxonomy":"product_tag","embeddable":true,"href":"https:\/\/stagro.com.vn\/en\/wp-json\/wp\/v2\/product_tag?post=834"}],"curies":[{"name":"wp","href":"https:\/\/api.w.org\/{rel}","templated":true}]}}