{"id":799,"date":"2025-12-30T12:26:37","date_gmt":"2025-12-30T12:26:37","guid":{"rendered":"https:\/\/stagro.com.vn\/?post_type=product&#038;p=799"},"modified":"2026-01-12T01:25:49","modified_gmt":"2026-01-12T01:25:49","slug":"servo-drive-inovance-sv660ns1r6i-int","status":"publish","type":"product","link":"https:\/\/stagro.com.vn\/en\/product\/servo-drive-inovance-sv660ns1r6i-int\/","title":{"rendered":"Servo Drive Inovance SV660N"},"content":{"rendered":"<div class=\"flex flex-col text-sm pb-25\">\n<article class=\"text-token-text-primary w-full focus:outline-none [--shadow-height:45px] has-data-writing-block:pointer-events-none has-data-writing-block:-mt-(--shadow-height) has-data-writing-block:pt-(--shadow-height) [&amp;:has([data-writing-block])&gt;*]:pointer-events-auto scroll-mt-[calc(var(--header-height)+min(200px,max(70px,20svh)))]\" dir=\"auto\" tabindex=\"-1\" data-turn-id=\"request-6951d8d4-9108-8323-a3f0-d182e9fd610a-13\" data-testid=\"conversation-turn-22\" data-scroll-anchor=\"true\" data-turn=\"assistant\">\n<div class=\"text-base my-auto mx-auto pb-10 [--thread-content-margin:--spacing(4)] @w-sm\/main:[--thread-content-margin:--spacing(6)] @w-lg\/main:[--thread-content-margin:--spacing(16)] px-(--thread-content-margin)\">\n<div class=\"[--thread-content-max-width:40rem] @w-lg\/main:[--thread-content-max-width:48rem] mx-auto max-w-(--thread-content-max-width) flex-1 group\/turn-messages focus-visible:outline-hidden relative flex w-full min-w-0 flex-col agent-turn\" tabindex=\"-1\">\n<div class=\"flex max-w-full flex-col grow\">\n<div class=\"min-h-8 text-message relative flex w-full flex-col items-end gap-2 text-start break-words whitespace-normal [.text-message+&amp;]:mt-1\" dir=\"auto\" data-message-author-role=\"assistant\" data-message-id=\"9227978d-a050-4ff5-a323-293c022087c3\" data-message-model-slug=\"gpt-5-2\">\n<div class=\"flex w-full flex-col gap-1 empty:hidden first:pt-[1px]\">\n<div class=\"markdown prose dark:prose-invert w-full break-words light markdown-new-styling\">\n<p data-start=\"0\" data-end=\"362\" data-is-last-node=\"\" data-is-only-node=\"\"><strong data-start=\"0\" data-end=\"19\" data-is-only-node=\"\">SV660NS1R6I-INT<\/strong> l\u00e0 <strong data-start=\"23\" data-end=\"55\">servo driver AC c\u1ee7a Inovance<\/strong>, thu\u1ed9c d\u00f2ng <strong data-start=\"68\" data-end=\"78\">SV660N<\/strong>, d\u00f9ng \u0111\u1ec3 \u0111i\u1ec1u khi\u1ec3n <strong data-start=\"99\" data-end=\"130\">\u0111\u1ed9ng c\u01a1 servo c\u00f4ng su\u1ea5t nh\u1ecf<\/strong> v\u1edbi \u0111\u1ed9 ch\u00ednh x\u00e1c cao.<br data-start=\"152\" data-end=\"155\" \/>Thi\u1ebft b\u1ecb h\u1ed7 tr\u1ee3 <strong data-start=\"171\" data-end=\"208\">\u0111i\u1ec1u khi\u1ec3n v\u1ecb tr\u00ed, t\u1ed1c \u0111\u1ed9, m\u00f4-men<\/strong>, ph\u1ea3n h\u1ed3i nhanh, ho\u1ea1t \u0111\u1ed9ng \u1ed5n \u0111\u1ecbnh, ph\u00f9 h\u1ee3p cho <strong data-start=\"257\" data-end=\"304\">m\u00e1y t\u1ef1 \u0111\u1ed9ng, CNC, robot, b\u0103ng t\u1ea3i ch\u00ednh x\u00e1c<\/strong> v\u00e0 c\u00e1c \u1ee9ng d\u1ee5ng \u0111i\u1ec1u khi\u1ec3n chuy\u1ec3n \u0111\u1ed9ng trong c\u00f4ng nghi\u1ec7p<\/p>\n<\/div>\n<\/div>\n<\/div>\n<\/div>\n<\/div>\n<\/div>\n<\/article>\n<\/div>\n<p><img decoding=\"async\" src=\"https:\/\/stagro.com.vn\/wp-content\/uploads\/2025\/12\/CY_A01_SV660-INT_Series_Servo_Drive_EN_20251104_web-2-scaled-e1767097557830.png\" \/><\/p>","protected":false},"excerpt":{"rendered":"<ul>\n<li data-start=\"502\" data-end=\"529\">\n<p data-start=\"504\" data-end=\"529\">H\u00e3ng s\u1ea3n xu\u1ea5t: Inovance<\/p>\n<\/li>\n<li data-start=\"530\" data-end=\"561\">\n<p data-start=\"532\" data-end=\"561\">D\u00f2ng s\u1ea3n ph\u1ea9m: SV660 Series<\/p>\n<\/li>\n<li data-start=\"562\" data-end=\"592\">\n<p data-start=\"564\" data-end=\"592\">Model: <strong data-start=\"571\" data-end=\"590\">SV660NS1R6I-INT<\/strong><\/p>\n<\/li>\n<li data-start=\"593\" data-end=\"650\">\n<p data-start=\"595\" data-end=\"650\">\u0110i\u1ec7n \u00e1p c\u1ea5p: 1 pha \/ 3 pha 220 VAC ho\u1eb7c 3 pha 380 VAC<\/p>\n<\/li>\n<li data-start=\"651\" data-end=\"675\">\n<p data-start=\"653\" data-end=\"675\">D\u00f2ng \u0111\u1ecbnh m\u1ee9c: 1.6 A<\/p>\n<\/li>\n<li data-start=\"676\" data-end=\"724\">\n<p data-start=\"678\" data-end=\"724\">C\u00f4ng su\u1ea5t \u0111\u1ed9ng c\u01a1 ph\u00f9 h\u1ee3p: kho\u1ea3ng 50 ~ 200 W<\/p>\n<\/li>\n<li data-start=\"725\" data-end=\"777\">\n<p data-start=\"727\" data-end=\"777\">Ph\u01b0\u01a1ng th\u1ee9c \u0111i\u1ec1u khi\u1ec3n: V\u1ecb tr\u00ed \/ T\u1ed1c \u0111\u1ed9 \/ M\u00f4-men<\/p>\n<\/li>\n<li data-start=\"778\" data-end=\"808\">\n<p data-start=\"780\" data-end=\"808\">Truy\u1ec1n th\u00f4ng: <strong data-start=\"794\" data-end=\"806\">EtherCAT<\/strong><\/p>\n<\/li>\n<li data-start=\"809\" data-end=\"854\">\n<p data-start=\"811\" data-end=\"854\">B\u0103ng th\u00f4ng v\u00f2ng l\u1eb7p t\u1ed1c \u0111\u1ed9: l\u00ean \u0111\u1ebfn 3 kHz<\/p>\n<\/li>\n<li data-start=\"855\" data-end=\"925\">\n<p data-start=\"857\" data-end=\"925\">\u1ee8ng d\u1ee5ng: M\u00e1y \u0111\u00f3ng g\u00f3i, b\u0103ng t\u1ea3i ch\u00ednh x\u00e1c, m\u00e1y l\u1eafp r\u00e1p, robot nh\u1ecf<\/p>\n<\/li>\n<\/ul>","protected":false},"featured_media":802,"comment_status":"open","ping_status":"closed","template":"","meta":{"_acf_changed":false},"product_brand":[],"product_cat":[49,44],"product_tag":[],"class_list":{"0":"post-799","1":"product","2":"type-product","3":"status-publish","4":"has-post-thumbnail","6":"product_cat-servo-driver","7":"product_cat-servo","9":"first","10":"instock","11":"featured","12":"shipping-taxable","13":"product-type-simple"},"acf":[],"_links":{"self":[{"href":"https:\/\/stagro.com.vn\/en\/wp-json\/wp\/v2\/product\/799","targetHints":{"allow":["GET"]}}],"collection":[{"href":"https:\/\/stagro.com.vn\/en\/wp-json\/wp\/v2\/product"}],"about":[{"href":"https:\/\/stagro.com.vn\/en\/wp-json\/wp\/v2\/types\/product"}],"replies":[{"embeddable":true,"href":"https:\/\/stagro.com.vn\/en\/wp-json\/wp\/v2\/comments?post=799"}],"wp:featuredmedia":[{"embeddable":true,"href":"https:\/\/stagro.com.vn\/en\/wp-json\/wp\/v2\/media\/802"}],"wp:attachment":[{"href":"https:\/\/stagro.com.vn\/en\/wp-json\/wp\/v2\/media?parent=799"}],"wp:term":[{"taxonomy":"product_brand","embeddable":true,"href":"https:\/\/stagro.com.vn\/en\/wp-json\/wp\/v2\/product_brand?post=799"},{"taxonomy":"product_cat","embeddable":true,"href":"https:\/\/stagro.com.vn\/en\/wp-json\/wp\/v2\/product_cat?post=799"},{"taxonomy":"product_tag","embeddable":true,"href":"https:\/\/stagro.com.vn\/en\/wp-json\/wp\/v2\/product_tag?post=799"}],"curies":[{"name":"wp","href":"https:\/\/api.w.org\/{rel}","templated":true}]}}