{"id":769,"date":"2025-12-29T13:08:46","date_gmt":"2025-12-29T13:08:46","guid":{"rendered":"https:\/\/stagro.com.vn\/?post_type=product&#038;p=769"},"modified":"2026-01-27T02:51:26","modified_gmt":"2026-01-27T02:51:26","slug":"bien-tan-inovance-0-4kw-3-pha-380v-md520-4t0-4bs-int","status":"publish","type":"product","link":"https:\/\/stagro.com.vn\/en\/product\/bien-tan-inovance-0-4kw-3-pha-380v-md520-4t0-4bs-int\/","title":{"rendered":"Inovance Inverter 0.4kW, 3-Phase, 380V"},"content":{"rendered":"<p data-start=\"1270\" data-end=\"1547\"><strong data-start=\"1270\" data-end=\"1288\">Inovance MD520<\/strong> l\u00e0 d\u00f2ng bi\u1ebfn t\u1ea7n <strong data-start=\"1306\" data-end=\"1333\">cao c\u1ea5p \u2013 hi\u1ec7u n\u0103ng cao<\/strong>, \u0111\u01b0\u1ee3c thi\u1ebft k\u1ebf cho c\u00e1c \u1ee9ng d\u1ee5ng c\u00f4ng nghi\u1ec7p <strong data-start=\"1378\" data-end=\"1450\">t\u1ea3i n\u1eb7ng, y\u00eau c\u1ea7u m\u00f4-men l\u1edbn, \u0111\u1ed9 ch\u00ednh x\u00e1c cao v\u00e0 \u0111\u1ed9 \u1ed5n \u0111\u1ecbnh l\u00e2u d\u00e0i<\/strong>. \u0110\u00e2y l\u00e0 d\u00f2ng bi\u1ebfn t\u1ea7n ch\u1ee7 l\u1ef1c c\u1ee7a Inovance trong c\u00e1c h\u1ec7 th\u1ed1ng s\u1ea3n xu\u1ea5t quy m\u00f4 trung b\u00ecnh v\u00e0 l\u1edbn.<\/p>\n<p data-start=\"1549\" data-end=\"1857\">MD520 h\u1ed7 tr\u1ee3 \u0111a d\u1ea1ng ph\u01b0\u01a1ng ph\u00e1p \u0111i\u1ec1u khi\u1ec3n g\u1ed3m <strong data-start=\"1597\" data-end=\"1604\">V\/F<\/strong>, <strong data-start=\"1606\" data-end=\"1630\">Vector v\u00f2ng h\u1edf (SVC)<\/strong> v\u00e0 <strong data-start=\"1634\" data-end=\"1659\">Vector v\u00f2ng k\u00edn (FVC)<\/strong> khi k\u1ebft h\u1ee3p encoder, cho ph\u00e9p \u0111i\u1ec1u khi\u1ec3n ch\u00ednh x\u00e1c t\u1ed1c \u0111\u1ed9 v\u00e0 m\u00f4-men ngay c\u1ea3 \u1edf t\u1ed1c \u0111\u1ed9 th\u1ea5p. Kh\u1ea3 n\u0103ng <strong data-start=\"1760\" data-end=\"1775\">qu\u00e1 t\u1ea3i cao<\/strong> gi\u00fap bi\u1ebfn t\u1ea7n \u0111\u00e1p \u1ee9ng t\u1ed1t c\u00e1c \u1ee9ng d\u1ee5ng c\u00f3 qu\u00e1n t\u00ednh l\u1edbn v\u00e0 t\u1ea3i thay \u0111\u1ed5i li\u00ean t\u1ee5c.<\/p>\n<p data-start=\"1859\" data-end=\"2117\">Bi\u1ebfn t\u1ea7n \u0111\u01b0\u1ee3c trang b\u1ecb <strong data-start=\"1882\" data-end=\"1899\">I\/O phong ph\u00fa<\/strong>, h\u1ed7 tr\u1ee3 <strong data-start=\"1908\" data-end=\"1930\">RS485 \u2013 Modbus RTU<\/strong> ti\u00eau chu\u1ea9n v\u00e0 c\u00f3 th\u1ec3 m\u1edf r\u1ed9ng c\u00e1c giao th\u1ee9c truy\u1ec1n th\u00f4ng c\u00f4ng nghi\u1ec7p nh\u01b0 <strong data-start=\"2003\" data-end=\"2034\">CANopen, Profibus, EtherCAT<\/strong>, gi\u00fap d\u1ec5 d\u00e0ng t\u00edch h\u1ee3p v\u00e0o h\u1ec7 th\u1ed1ng PLC, SCADA v\u00e0 d\u00e2y chuy\u1ec1n t\u1ef1 \u0111\u1ed9ng h\u00f3a hi\u1ec7n \u0111\u1ea1i.<\/p>\n<p data-start=\"2119\" data-end=\"2356\">V\u1edbi thi\u1ebft k\u1ebf ch\u1eafc ch\u1eafn, thu\u1eadt to\u00e1n \u0111i\u1ec1u khi\u1ec3n m\u1ea1nh m\u1ebd v\u00e0 kh\u1ea3 n\u0103ng m\u1edf r\u1ed9ng linh ho\u1ea1t, <strong data-start=\"2204\" data-end=\"2213\">MD520<\/strong> l\u00e0 l\u1ef1a ch\u1ecdn l\u00fd t\u01b0\u1edfng cho c\u00e1c \u1ee9ng d\u1ee5ng nh\u01b0 <strong data-start=\"2256\" data-end=\"2355\">c\u1ea9u tr\u1ee5c, m\u00e1y \u00e9p, m\u00e1y k\u00e9o, m\u00e1y cu\u1ed1n \u2013 nh\u1ea3, b\u0103ng t\u1ea3i t\u1ea3i n\u1eb7ng v\u00e0 d\u00e2y chuy\u1ec1n s\u1ea3n xu\u1ea5t c\u00f4ng nghi\u1ec7p<\/strong>.<\/p>","protected":false},"excerpt":{"rendered":"<ul>\n<li data-start=\"220\" data-end=\"275\">Model:MD520-4T0.4BS-INT<\/li>\n<li data-start=\"220\" data-end=\"275\">\n<p data-start=\"222\" data-end=\"275\">Inverter <strong data-start=\"231\" data-end=\"249\">Inovance MD520<\/strong>, ngu\u1ed3n <strong data-start=\"257\" data-end=\"275\">3 pha 380\u2013480V<\/strong><\/p>\n<\/li>\n<li data-start=\"276\" data-end=\"331\">\n<p data-start=\"278\" data-end=\"331\">D\u1ea3i c\u00f4ng su\u1ea5t r\u1ed9ng, \u0111\u00e1p \u1ee9ng <strong data-start=\"306\" data-end=\"331\">t\u1ea3i n\u1eb7ng &amp; t\u1ea3i th\u01b0\u1eddng<\/strong><\/p>\n<\/li>\n<li data-start=\"332\" data-end=\"395\">\n<p data-start=\"334\" data-end=\"395\">Control <strong data-start=\"345\" data-end=\"393\">Vector v\u00f2ng h\u1edf (SVC) &amp; Vector v\u00f2ng k\u00edn (FVC)<\/strong> *<\/p>\n<\/li>\n<li data-start=\"396\" data-end=\"428\">\n<p data-start=\"398\" data-end=\"428\">D\u1ea3i t\u1ea7n s\u1ed1 \u0111\u1ea7u ra <strong data-start=\"416\" data-end=\"428\">0\u2013500 Hz<\/strong><\/p>\n<\/li>\n<li data-start=\"429\" data-end=\"490\">\n<p data-start=\"431\" data-end=\"490\">Kh\u1ea3 n\u0103ng qu\u00e1 t\u1ea3i cao, ph\u00f9 h\u1ee3p <strong data-start=\"461\" data-end=\"490\">\u1ee9ng d\u1ee5ng c\u00f4ng nghi\u1ec7p n\u1eb7ng<\/strong><\/p>\n<\/li>\n<li data-start=\"491\" data-end=\"534\">\n<p data-start=\"493\" data-end=\"534\">H\u1ed7 tr\u1ee3 <strong data-start=\"500\" data-end=\"511\">Encoder<\/strong> (v\u1edbi c\u1ea5u h\u00ecnh ph\u00f9 h\u1ee3p)<\/p>\n<\/li>\n<li data-start=\"535\" data-end=\"590\">\n<p data-start=\"537\" data-end=\"590\">T\u00edch h\u1ee3p <strong data-start=\"546\" data-end=\"568\">RS485 \u2013 Modbus RTU<\/strong>, m\u1edf r\u1ed9ng truy\u1ec1n th\u00f4ng<\/p>\n<\/li>\n<li data-start=\"591\" data-end=\"648\">\n<p data-start=\"593\" data-end=\"648\">\u1ee8ng d\u1ee5ng: <strong data-start=\"603\" data-end=\"648\">m\u00e1y \u00e9p, c\u1ea9u tr\u1ee5c, cu\u1ed1n\u2013nh\u1ea3, b\u0103ng t\u1ea3i n\u1eb7ng<\/strong><\/p>\n<\/li>\n<\/ul>","protected":false},"featured_media":748,"comment_status":"open","ping_status":"closed","template":"","meta":{"_acf_changed":false},"product_brand":[],"product_cat":[19,21],"product_tag":[],"class_list":{"0":"post-769","1":"product","2":"type-product","3":"status-publish","4":"has-post-thumbnail","6":"product_cat-bien-tan","7":"product_cat-bien-tan-bien-tan","9":"first","10":"instock","11":"featured","12":"shipping-taxable","13":"purchasable","14":"product-type-simple"},"acf":[],"_links":{"self":[{"href":"https:\/\/stagro.com.vn\/en\/wp-json\/wp\/v2\/product\/769","targetHints":{"allow":["GET"]}}],"collection":[{"href":"https:\/\/stagro.com.vn\/en\/wp-json\/wp\/v2\/product"}],"about":[{"href":"https:\/\/stagro.com.vn\/en\/wp-json\/wp\/v2\/types\/product"}],"replies":[{"embeddable":true,"href":"https:\/\/stagro.com.vn\/en\/wp-json\/wp\/v2\/comments?post=769"}],"wp:featuredmedia":[{"embeddable":true,"href":"https:\/\/stagro.com.vn\/en\/wp-json\/wp\/v2\/media\/748"}],"wp:attachment":[{"href":"https:\/\/stagro.com.vn\/en\/wp-json\/wp\/v2\/media?parent=769"}],"wp:term":[{"taxonomy":"product_brand","embeddable":true,"href":"https:\/\/stagro.com.vn\/en\/wp-json\/wp\/v2\/product_brand?post=769"},{"taxonomy":"product_cat","embeddable":true,"href":"https:\/\/stagro.com.vn\/en\/wp-json\/wp\/v2\/product_cat?post=769"},{"taxonomy":"product_tag","embeddable":true,"href":"https:\/\/stagro.com.vn\/en\/wp-json\/wp\/v2\/product_tag?post=769"}],"curies":[{"name":"wp","href":"https:\/\/api.w.org\/{rel}","templated":true}]}}