{"id":767,"date":"2025-12-29T12:38:01","date_gmt":"2025-12-29T12:38:01","guid":{"rendered":"https:\/\/stagro.com.vn\/?post_type=product&#038;p=767"},"modified":"2026-01-27T02:52:53","modified_gmt":"2026-01-27T02:52:53","slug":"bien-tan-inovance-0-4kw-3-pha-380v-md310t0-4b-int","status":"publish","type":"product","link":"https:\/\/stagro.com.vn\/en\/product\/bien-tan-inovance-0-4kw-3-pha-380v-md310t0-4b-int\/","title":{"rendered":"Inovance Inverter 0.4kW, 3-Phase, 380V"},"content":{"rendered":"<p data-start=\"1497\" data-end=\"1787\">Inverter <strong data-start=\"1506\" data-end=\"1533\">Inovance MD310T0.4B-INT<\/strong> thu\u1ed9c d\u00f2ng MD310 \u2013 d\u00f2ng bi\u1ebfn t\u1ea7n c\u01a1 b\u1ea3n c\u1ee7a Inovance, \u0111\u01b0\u1ee3c thi\u1ebft k\u1ebf h\u01b0\u1edbng t\u1edbi <strong data-start=\"1612\" data-end=\"1667\">\u0111\u1ed9 \u1ed5n \u0111\u1ecbnh cao, thao t\u00e1c \u0111\u01a1n gi\u1ea3n v\u00e0 chi ph\u00ed t\u1ed1i \u01b0u<\/strong>. S\u1ea3n ph\u1ea9m s\u1eed d\u1ee5ng ngu\u1ed3n <strong data-start=\"1692\" data-end=\"1710\">3 pha 380\u2013480V<\/strong>, ph\u00f9 h\u1ee3p cho c\u00e1c h\u1ec7 th\u1ed1ng m\u00e1y m\u00f3c ph\u1ed5 th\u00f4ng trong nh\u00e0 m\u00e1y v\u00e0 x\u01b0\u1edfng s\u1ea3n xu\u1ea5t.<\/p>\n<p data-start=\"1789\" data-end=\"2030\">MD310 h\u1ed7 tr\u1ee3 <strong data-start=\"1802\" data-end=\"1820\">\u0111i\u1ec1u khi\u1ec3n V\/F<\/strong>, \u0111\u00e1p \u1ee9ng t\u1ed1t c\u00e1c \u1ee9ng d\u1ee5ng kh\u00f4ng y\u00eau c\u1ea7u \u0111i\u1ec1u khi\u1ec3n m\u00f4-men ph\u1ee9c t\u1ea1p nh\u01b0 qu\u1ea1t, b\u01a1m, b\u0103ng t\u1ea3i nh\u1eb9. Bi\u1ebfn t\u1ea7n \u0111\u01b0\u1ee3c trang b\u1ecb <strong data-start=\"1940\" data-end=\"1974\">ng\u00f5 v\u00e0o\/ra s\u1ed1 v\u00e0 analog c\u01a1 b\u1ea3n<\/strong>, d\u1ec5 d\u00e0ng k\u1ebft n\u1ed1i v\u1edbi c\u00e1c thi\u1ebft b\u1ecb \u0111i\u1ec1u khi\u1ec3n b\u00ean ngo\u00e0i.<\/p>\n<p data-start=\"2032\" data-end=\"2268\">Ngo\u00e0i ra, <strong data-start=\"2042\" data-end=\"2077\">truy\u1ec1n th\u00f4ng RS485 \u2013 Modbus RTU<\/strong> cho ph\u00e9p MD310T0.4B-INT t\u00edch h\u1ee3p v\u1edbi PLC v\u00e0 HMI m\u1ed9t c\u00e1ch thu\u1eadn ti\u1ec7n. Thi\u1ebft k\u1ebf nh\u1ecf g\u1ecdn, tham s\u1ed1 c\u00e0i \u0111\u1eb7t \u0111\u01a1n gi\u1ea3n gi\u00fap gi\u1ea3m th\u1eddi gian commissioning v\u00e0 d\u1ec5 d\u00e0ng b\u1ea3o tr\u00ec trong qu\u00e1 tr\u00ecnh v\u1eadn h\u00e0nh.<\/p>\n<p><a href=\"https:\/\/stagro.com.vn\/wp-content\/uploads\/2025\/12\/Screenshot-2026-01-07-100922.png\"><img loading=\"lazy\" decoding=\"async\" class=\"aligncenter wp-image-923 size-full\" src=\"https:\/\/stagro.com.vn\/wp-content\/uploads\/2025\/12\/Screenshot-2026-01-07-100922.png\" alt=\"\" width=\"827\" height=\"697\" srcset=\"https:\/\/stagro.com.vn\/wp-content\/uploads\/2025\/12\/Screenshot-2026-01-07-100922.png 827w, https:\/\/stagro.com.vn\/wp-content\/uploads\/2025\/12\/Screenshot-2026-01-07-100922-300x253.png 300w, https:\/\/stagro.com.vn\/wp-content\/uploads\/2025\/12\/Screenshot-2026-01-07-100922-768x647.png 768w, https:\/\/stagro.com.vn\/wp-content\/uploads\/2025\/12\/Screenshot-2026-01-07-100922-14x12.png 14w, https:\/\/stagro.com.vn\/wp-content\/uploads\/2025\/12\/Screenshot-2026-01-07-100922-600x506.png 600w\" sizes=\"auto, (max-width: 827px) 100vw, 827px\" \/><\/a><\/p>","protected":false},"excerpt":{"rendered":"<ul data-start=\"226\" data-end=\"521\">\n<li data-start=\"226\" data-end=\"281\">Model: MD310T0.4B-INT<\/li>\n<li data-start=\"226\" data-end=\"281\">\n<p data-start=\"228\" data-end=\"281\">Inverter <strong data-start=\"237\" data-end=\"255\">Inovance MD310<\/strong>, ngu\u1ed3n <strong data-start=\"263\" data-end=\"281\">3 pha 380\u2013480V<\/strong><\/p>\n<\/li>\n<li data-start=\"282\" data-end=\"324\">\n<p data-start=\"284\" data-end=\"324\">Capacity <strong data-start=\"294\" data-end=\"304\">0.4 kW<\/strong>, \u0111i\u1ec1u khi\u1ec3n <strong data-start=\"317\" data-end=\"324\">V\/F<\/strong><\/p>\n<\/li>\n<li data-start=\"325\" data-end=\"357\">\n<p data-start=\"327\" data-end=\"357\">D\u1ea3i t\u1ea7n s\u1ed1 \u0111\u1ea7u ra <strong data-start=\"345\" data-end=\"357\">0\u2013400 Hz<\/strong><\/p>\n<\/li>\n<li data-start=\"358\" data-end=\"399\">\n<p data-start=\"360\" data-end=\"399\">Overload capacity <strong data-start=\"377\" data-end=\"399\">150% trong 60 gi\u00e2y<\/strong><\/p>\n<\/li>\n<li data-start=\"400\" data-end=\"433\">\n<p data-start=\"402\" data-end=\"433\">T\u00edch h\u1ee3p <strong data-start=\"411\" data-end=\"433\">RS485 \u2013 Modbus RTU<\/strong><\/p>\n<\/li>\n<li data-start=\"434\" data-end=\"476\">\n<p data-start=\"436\" data-end=\"476\">I\/O c\u01a1 b\u1ea3n, thi\u1ebft k\u1ebf nh\u1ecf g\u1ecdn, d\u1ec5 c\u00e0i \u0111\u1eb7t<\/p>\n<\/li>\n<li data-start=\"477\" data-end=\"521\">\n<p data-start=\"479\" data-end=\"521\">\u1ee8ng d\u1ee5ng: <strong data-start=\"489\" data-end=\"521\">qu\u1ea1t, b\u01a1m, b\u0103ng t\u1ea3i \u0111\u01a1n gi\u1ea3n<\/strong><\/p>\n<\/li>\n<\/ul>","protected":false},"featured_media":746,"comment_status":"open","ping_status":"closed","template":"","meta":{"_acf_changed":false},"product_brand":[],"product_cat":[19,21],"product_tag":[],"class_list":{"0":"post-767","1":"product","2":"type-product","3":"status-publish","4":"has-post-thumbnail","6":"product_cat-bien-tan","7":"product_cat-bien-tan-bien-tan","9":"first","10":"instock","11":"shipping-taxable","12":"purchasable","13":"product-type-simple"},"acf":[],"_links":{"self":[{"href":"https:\/\/stagro.com.vn\/en\/wp-json\/wp\/v2\/product\/767","targetHints":{"allow":["GET"]}}],"collection":[{"href":"https:\/\/stagro.com.vn\/en\/wp-json\/wp\/v2\/product"}],"about":[{"href":"https:\/\/stagro.com.vn\/en\/wp-json\/wp\/v2\/types\/product"}],"replies":[{"embeddable":true,"href":"https:\/\/stagro.com.vn\/en\/wp-json\/wp\/v2\/comments?post=767"}],"wp:featuredmedia":[{"embeddable":true,"href":"https:\/\/stagro.com.vn\/en\/wp-json\/wp\/v2\/media\/746"}],"wp:attachment":[{"href":"https:\/\/stagro.com.vn\/en\/wp-json\/wp\/v2\/media?parent=767"}],"wp:term":[{"taxonomy":"product_brand","embeddable":true,"href":"https:\/\/stagro.com.vn\/en\/wp-json\/wp\/v2\/product_brand?post=767"},{"taxonomy":"product_cat","embeddable":true,"href":"https:\/\/stagro.com.vn\/en\/wp-json\/wp\/v2\/product_cat?post=767"},{"taxonomy":"product_tag","embeddable":true,"href":"https:\/\/stagro.com.vn\/en\/wp-json\/wp\/v2\/product_tag?post=767"}],"curies":[{"name":"wp","href":"https:\/\/api.w.org\/{rel}","templated":true}]}}