{"id":758,"date":"2025-12-29T11:56:04","date_gmt":"2025-12-29T11:56:04","guid":{"rendered":"https:\/\/stagro.com.vn\/?post_type=product&#038;p=758"},"modified":"2026-01-16T08:27:02","modified_gmt":"2026-01-16T08:27:02","slug":"758-2","status":"publish","type":"product","link":"https:\/\/stagro.com.vn\/en\/product\/758-2\/","title":{"rendered":"Inovance Inverter 0.75kW, 3-Phase, 380V"},"content":{"rendered":"<p data-start=\"1721\" data-end=\"2020\">Inverter <strong data-start=\"1730\" data-end=\"1763\">Inovance MD290T0.7G\/1.1PB-INT<\/strong>\u00a0thu\u1ed9c d\u00f2ng MD290 \u2013 d\u00f2ng bi\u1ebfn t\u1ea7n \u0111a n\u0103ng c\u1ee7a Inovance, \u0111\u01b0\u1ee3c thi\u1ebft k\u1ebf cho c\u00e1c \u1ee9ng d\u1ee5ng c\u00f4ng nghi\u1ec7p y\u00eau c\u1ea7u <strong data-start=\"1870\" data-end=\"1920\">v\u1eadn h\u00e0nh \u1ed5n \u0111\u1ecbnh, d\u1ec5 c\u00e0i \u0111\u1eb7t v\u00e0 chi ph\u00ed h\u1ee3p l\u00fd<\/strong>. S\u1ea3n ph\u1ea9m s\u1eed d\u1ee5ng ngu\u1ed3n <strong data-start=\"1945\" data-end=\"1963\">3 pha 380\u2013480V<\/strong>, \u0111\u00e1p \u1ee9ng t\u1ed1t cho c\u00e1c h\u1ec7 th\u1ed1ng m\u00e1y m\u00f3c quy m\u00f4 nh\u1ecf v\u00e0 v\u1eeba.<\/p>\n<p data-start=\"2022\" data-end=\"2342\">Bi\u1ebfn t\u1ea7n h\u1ed7 tr\u1ee3 <strong data-start=\"2038\" data-end=\"2087\">\u0111i\u1ec1u khi\u1ec3n V\/F v\u00e0 Vector kh\u00f4ng c\u1ea3m bi\u1ebfn (SVC)<\/strong>, gi\u00fap c\u1ea3i thi\u1ec7n m\u00f4-men kh\u1edfi \u0111\u1ed9ng, t\u0103ng \u0111\u1ed9 ch\u00ednh x\u00e1c khi \u0111i\u1ec1u khi\u1ec3n t\u1ed1c \u0111\u1ed9 v\u00e0 \u0111\u1ea3m b\u1ea3o \u0111\u1ed9ng c\u01a1 ho\u1ea1t \u0111\u1ed9ng \u00eam \u00e1i. <strong data-start=\"2198\" data-end=\"2227\">Braking Unit t\u00edch h\u1ee3p s\u1eb5n<\/strong> cho ph\u00e9p h\u00e3m nhanh, n\u00e2ng cao hi\u1ec7u qu\u1ea3 v\u00e0 \u0111\u1ed9 an to\u00e0n trong c\u00e1c \u1ee9ng d\u1ee5ng c\u00f3 qu\u00e1n t\u00ednh nh\u01b0 b\u0103ng t\u1ea3i, cu\u1ed1n \u2013 nh\u1ea3 cu\u1ed9n.<\/p>\n<p data-start=\"2344\" data-end=\"2628\">Ngo\u00e0i ra, MD290T0.7G\/1.1PB-INT \u0111\u01b0\u1ee3c trang b\u1ecb <strong data-start=\"2389\" data-end=\"2428\">c\u00e1c ng\u00f5 v\u00e0o\/ra s\u1ed1 v\u00e0 analog \u0111a d\u1ea1ng<\/strong>, d\u1ec5 d\u00e0ng t\u00edch h\u1ee3p v\u1edbi PLC, HMI th\u00f4ng qua <strong data-start=\"2470\" data-end=\"2505\">truy\u1ec1n th\u00f4ng RS485 \u2013 Modbus RTU<\/strong>. Giao di\u1ec7n c\u00e0i \u0111\u1eb7t th\u00e2n thi\u1ec7n, parameter r\u00f5 r\u00e0ng gi\u00fap r\u00fat ng\u1eafn th\u1eddi gian commissioning v\u00e0 thu\u1eadn ti\u1ec7n cho c\u00f4ng t\u00e1c b\u1ea3o tr\u00ec.<\/p>\n<p data-start=\"2344\" data-end=\"2628\"><a href=\"https:\/\/stagro.com.vn\/wp-content\/uploads\/2026\/01\/Screenshot-2026-01-12-093524.png\"><img loading=\"lazy\" decoding=\"async\" class=\"aligncenter  wp-image-942\" src=\"https:\/\/stagro.com.vn\/wp-content\/uploads\/2026\/01\/Screenshot-2026-01-12-093524.png\" alt=\"\" width=\"1100\" height=\"785\" srcset=\"https:\/\/stagro.com.vn\/wp-content\/uploads\/2026\/01\/Screenshot-2026-01-12-093524.png 977w, https:\/\/stagro.com.vn\/wp-content\/uploads\/2026\/01\/Screenshot-2026-01-12-093524-300x214.png 300w, https:\/\/stagro.com.vn\/wp-content\/uploads\/2026\/01\/Screenshot-2026-01-12-093524-768x548.png 768w, https:\/\/stagro.com.vn\/wp-content\/uploads\/2026\/01\/Screenshot-2026-01-12-093524-18x12.png 18w, https:\/\/stagro.com.vn\/wp-content\/uploads\/2026\/01\/Screenshot-2026-01-12-093524-600x428.png 600w\" sizes=\"auto, (max-width: 1100px) 100vw, 1100px\" \/><\/a><\/p>","protected":false},"excerpt":{"rendered":"<ul>\n<li data-start=\"220\" data-end=\"266\">\n<p data-start=\"222\" data-end=\"266\"><strong data-start=\"222\" data-end=\"236\">Ngu\u1ed3n c\u1ea5p:<\/strong> 3 pha 380\u2013480 VAC, 50\/60 Hz<\/p>\n<\/li>\n<li data-start=\"267\" data-end=\"334\">\n<p data-start=\"269\" data-end=\"334\"><strong data-start=\"269\" data-end=\"291\">C\u00f4ng su\u1ea5t \u0111\u1ed9ng c\u01a1:<\/strong> 0.75 kW (t\u1ea3i th\u01b0\u1eddng) \/ 1.1 kW (t\u1ea3i n\u1eb7ng)<\/p>\n<\/li>\n<li data-start=\"335\" data-end=\"411\">\n<p data-start=\"337\" data-end=\"411\"><strong data-start=\"337\" data-end=\"355\">D\u00f2ng s\u1ea3n ph\u1ea9m:<\/strong> MD290 \u2013 \u0111i\u1ec1u khi\u1ec3n vector kh\u00f4ng c\u1ea3m bi\u1ebfn (SVC) v\u00e0 V\/F<\/p>\n<\/li>\n<li data-start=\"412\" data-end=\"447\">\n<p data-start=\"414\" data-end=\"447\"><strong data-start=\"414\" data-end=\"436\">D\u1ea3i t\u1ea7n s\u1ed1 ng\u00f5 ra:<\/strong> 0\u2013500 Hz<\/p>\n<\/li>\n<li data-start=\"448\" data-end=\"487\">\n<p data-start=\"450\" data-end=\"487\"><strong data-start=\"450\" data-end=\"463\">T\u00edch h\u1ee3p:<\/strong> b\u1ed9 h\u00e3m (braking unit)<\/p>\n<\/li>\n<li data-start=\"488\" data-end=\"529\">\n<p data-start=\"490\" data-end=\"529\"><strong data-start=\"490\" data-end=\"505\">Ng\u00f5 v\u00e0o\/ra:<\/strong> h\u1ed7 tr\u1ee3 DI, DO, AI, AO<\/p>\n<\/li>\n<li data-start=\"530\" data-end=\"570\">\n<p data-start=\"532\" data-end=\"570\"><strong data-start=\"532\" data-end=\"549\">Truy\u1ec1n th\u00f4ng:<\/strong> Modbus RTU (RS485)<\/p>\n<\/li>\n<li data-start=\"571\" data-end=\"643\">\n<p data-start=\"573\" data-end=\"643\"><strong data-start=\"573\" data-end=\"586\">\u1ee8ng d\u1ee5ng:<\/strong> b\u0103ng t\u1ea3i, qu\u1ea1t, b\u01a1m, m\u00e1y \u0111\u00f3ng g\u00f3i, m\u00e1y gia c\u00f4ng c\u01a1 b\u1ea3n<\/p>\n<\/li>\n<\/ul>","protected":false},"featured_media":757,"comment_status":"open","ping_status":"closed","template":"","meta":{"_acf_changed":false},"product_brand":[],"product_cat":[19,21],"product_tag":[],"class_list":{"0":"post-758","1":"product","2":"type-product","3":"status-publish","4":"has-post-thumbnail","6":"product_cat-bien-tan","7":"product_cat-bien-tan-bien-tan","9":"first","10":"instock","11":"shipping-taxable","12":"purchasable","13":"product-type-simple"},"acf":[],"_links":{"self":[{"href":"https:\/\/stagro.com.vn\/en\/wp-json\/wp\/v2\/product\/758","targetHints":{"allow":["GET"]}}],"collection":[{"href":"https:\/\/stagro.com.vn\/en\/wp-json\/wp\/v2\/product"}],"about":[{"href":"https:\/\/stagro.com.vn\/en\/wp-json\/wp\/v2\/types\/product"}],"replies":[{"embeddable":true,"href":"https:\/\/stagro.com.vn\/en\/wp-json\/wp\/v2\/comments?post=758"}],"wp:featuredmedia":[{"embeddable":true,"href":"https:\/\/stagro.com.vn\/en\/wp-json\/wp\/v2\/media\/757"}],"wp:attachment":[{"href":"https:\/\/stagro.com.vn\/en\/wp-json\/wp\/v2\/media?parent=758"}],"wp:term":[{"taxonomy":"product_brand","embeddable":true,"href":"https:\/\/stagro.com.vn\/en\/wp-json\/wp\/v2\/product_brand?post=758"},{"taxonomy":"product_cat","embeddable":true,"href":"https:\/\/stagro.com.vn\/en\/wp-json\/wp\/v2\/product_cat?post=758"},{"taxonomy":"product_tag","embeddable":true,"href":"https:\/\/stagro.com.vn\/en\/wp-json\/wp\/v2\/product_tag?post=758"}],"curies":[{"name":"wp","href":"https:\/\/api.w.org\/{rel}","templated":true}]}}