{"id":752,"date":"2025-12-29T10:04:19","date_gmt":"2025-12-29T10:04:19","guid":{"rendered":"https:\/\/stagro.com.vn\/?post_type=product&#038;p=752"},"modified":"2026-01-16T08:27:19","modified_gmt":"2026-01-16T08:27:19","slug":"bien-tan-0-4kw-1-pha-220v-inovance-md200t0-4b-int-2","status":"publish","type":"product","link":"https:\/\/stagro.com.vn\/en\/product\/bien-tan-0-4kw-1-pha-220v-inovance-md200t0-4b-int-2\/","title":{"rendered":"Inovance Inverter 0.4kW, 3-Phase, 380V"},"content":{"rendered":"<p>Inverter <strong>Inovance MD200S0.4B-INT<\/strong> thu\u1ed9c d\u00f2ng MD200 \u2013 d\u00f2ng bi\u1ebfn t\u1ea7n mini \u0111a n\u0103ng ph\u1ed5 bi\u1ebfn tr\u00ean th\u1ecb tr\u01b0\u1eddng nh\u1edd <strong>k\u00edch th\u01b0\u1edbc nh\u1ecf, c\u1ea5u tr\u00fac ch\u1eafc ch\u1eafn, d\u1ec5 l\u1eafp \u0111\u1eb7t v\u00e0 v\u1eadn h\u00e0nh<\/strong>. Thi\u1ebft b\u1ecb h\u1ed7 tr\u1ee3 hai ch\u1ebf \u0111\u1ed9 \u0111i\u1ec1u khi\u1ec3n ch\u00ednh: <strong>V\/F v\u00e0 Sensorless Vector Control (SVC)<\/strong>, cho ph\u00e9p \u0111i\u1ec1u khi\u1ec3n motor kh\u00f4ng \u0111\u1ed3ng b\u1ed9 v\u1edbi momen kh\u1edfi \u0111\u1ed9ng cao ngay c\u1ea3 \u1edf t\u1ea7n s\u1ed1 th\u1ea5p.<\/p>\n<p>Thi\u1ebft k\u1ebf t\u00edch h\u1ee3p <strong>b\u1ed9 l\u1ecdc EMC<\/strong> gi\u00fap gi\u1ea3m nhi\u1ec5u \u0111i\u1ec7n v\u00e0 \u0111\u00e1p \u1ee9ng y\u00eau c\u1ea7u ki\u1ec3m chu\u1ea9n k\u1ef9 thu\u1eadt; \u0111\u1ed3ng th\u1eddi t\u00edch h\u1ee3p s\u1eb5n <strong>\u0111i\u1ec7n tr\u1edf x\u1ea3<\/strong> gi\u00fap c\u1ea3i thi\u1ec7n kh\u1ea3 n\u0103ng phanh \u0111\u1ed9ng c\u01a1. Bi\u1ebfn t\u1ea7n c\u00f3 kh\u1ea3 n\u0103ng t\u1ef1 b\u1ea3o v\u1ec7 khi x\u1ea3y ra l\u1ed7i nh\u01b0 <strong>qu\u00e1 d\u00f2ng, qu\u00e1 \u00e1p, th\u1ea5p \u00e1p, qu\u00e1 t\u1ea3i v\u00e0 qu\u00e1 nhi\u1ec7t<\/strong>, gi\u00fap \u0111\u1ea3m b\u1ea3o an to\u00e0n cho c\u1ea3 h\u1ec7 th\u1ed1ng v\u00e0 thi\u1ebft b\u1ecb.<\/p>\n<p>V\u1edbi nhi\u1ec1u t\u00ednh n\u0103ng giao ti\u1ebfp nh\u01b0 <strong>Modbus v\u00e0 CANLink<\/strong>, bi\u1ebfn t\u1ea7n d\u1ec5 d\u00e0ng k\u1ebft n\u1ed1i v\u1edbi PLC, HMI v\u00e0 c\u00e1c thi\u1ebft b\u1ecb \u0111i\u1ec1u khi\u1ec3n kh\u00e1c trong h\u1ec7 th\u1ed1ng t\u1ef1 \u0111\u1ed9ng h\u00f3a. Thi\u1ebft b\u1ecb ph\u00f9 h\u1ee3p cho c\u00e1c \u1ee9ng d\u1ee5ng c\u00f4ng su\u1ea5t nh\u1ecf nh\u01b0 <strong>h\u1ec7 th\u1ed1ng b\u01a1m, qu\u1ea1t, m\u00e1y \u0111\u00f3ng g\u00f3i, h\u1ec7 th\u1ed1ng b\u0103ng t\u1ea3i, m\u00e1y ch\u1ebf bi\u1ebfn th\u1ef1c ph\u1ea9m v\u00e0 m\u00e1y g\u1ed7<\/strong>.<\/p>\n<p><img loading=\"lazy\" decoding=\"async\" class=\"aligncenter size-full wp-image-749\" src=\"https:\/\/stagro.com.vn\/wp-content\/uploads\/2025\/12\/MD200_page_1-scaled.png\" alt=\"\" width=\"1886\" height=\"2560\" \/><\/p>","protected":false},"excerpt":{"rendered":"<p><strong>Bi\u1ebfn t\u1ea7n Inovance MD200S0.4B\u2011INT<\/strong> l\u00e0 bi\u1ebfn t\u1ea7n 1 pha 220 V d\u00f2ng <strong>MD200<\/strong> c\u1ee7a Inovance, c\u00f4ng su\u1ea5t \u0111\u1ecbnh m\u1ee9c <strong>0.4 kW<\/strong>. S\u1ea3n ph\u1ea9m c\u00f3 thi\u1ebft k\u1ebf nh\u1ecf g\u1ecdn, hi\u1ec7u su\u1ea5t \u0111i\u1ec1u khi\u1ec3n \u1ed5n \u0111\u1ecbnh v\u00e0 ph\u00f9 h\u1ee3p cho c\u00e1c h\u1ec7 th\u1ed1ng c\u01a1 b\u1ea3n nh\u01b0 b\u01a1m, qu\u1ea1t, b\u0103ng t\u1ea3i nh\u1eb9 trong c\u00f4ng nghi\u1ec7p v\u00e0 th\u01b0\u01a1ng m\u1ea1i. \u0110\u01b0\u1ee3c trang b\u1ecb c\u00e1c ch\u1ee9c n\u0103ng b\u1ea3o v\u1ec7 v\u00e0 \u0111i\u1ec1u khi\u1ec3n ti\u00ean ti\u1ebfn, bi\u1ebfn t\u1ea7n \u0111\u00e1p \u1ee9ng y\u00eau c\u1ea7u v\u1eadn h\u00e0nh ch\u00ednh x\u00e1c v\u00e0 ti\u1ebft ki\u1ec7m n\u0103ng l\u01b0\u1ee3ng.<\/p>","protected":false},"featured_media":739,"comment_status":"open","ping_status":"closed","template":"","meta":{"_acf_changed":false},"product_brand":[],"product_cat":[19,21],"product_tag":[],"class_list":{"0":"post-752","1":"product","2":"type-product","3":"status-publish","4":"has-post-thumbnail","6":"product_cat-bien-tan","7":"product_cat-bien-tan-bien-tan","9":"first","10":"instock","11":"shipping-taxable","12":"purchasable","13":"product-type-simple"},"acf":[],"_links":{"self":[{"href":"https:\/\/stagro.com.vn\/en\/wp-json\/wp\/v2\/product\/752","targetHints":{"allow":["GET"]}}],"collection":[{"href":"https:\/\/stagro.com.vn\/en\/wp-json\/wp\/v2\/product"}],"about":[{"href":"https:\/\/stagro.com.vn\/en\/wp-json\/wp\/v2\/types\/product"}],"replies":[{"embeddable":true,"href":"https:\/\/stagro.com.vn\/en\/wp-json\/wp\/v2\/comments?post=752"}],"wp:featuredmedia":[{"embeddable":true,"href":"https:\/\/stagro.com.vn\/en\/wp-json\/wp\/v2\/media\/739"}],"wp:attachment":[{"href":"https:\/\/stagro.com.vn\/en\/wp-json\/wp\/v2\/media?parent=752"}],"wp:term":[{"taxonomy":"product_brand","embeddable":true,"href":"https:\/\/stagro.com.vn\/en\/wp-json\/wp\/v2\/product_brand?post=752"},{"taxonomy":"product_cat","embeddable":true,"href":"https:\/\/stagro.com.vn\/en\/wp-json\/wp\/v2\/product_cat?post=752"},{"taxonomy":"product_tag","embeddable":true,"href":"https:\/\/stagro.com.vn\/en\/wp-json\/wp\/v2\/product_tag?post=752"}],"curies":[{"name":"wp","href":"https:\/\/api.w.org\/{rel}","templated":true}]}}