{"id":1048,"date":"2026-03-30T03:38:32","date_gmt":"2026-03-30T03:38:32","guid":{"rendered":"https:\/\/stagro.com.vn\/?post_type=product&#038;p=1048"},"modified":"2026-04-16T10:08:09","modified_gmt":"2026-04-16T10:08:09","slug":"six-joint-robot-inovance-10kg-1400mm","status":"publish","type":"product","link":"https:\/\/stagro.com.vn\/en\/product\/six-joint-robot-inovance-10kg-1400mm\/","title":{"rendered":"Six-joint Robot Inovance 10kg, 1400mm"},"content":{"rendered":"<h2>M\u00e3 s\u1ea3n ph\u1ea9m: IR\u2011R10\u2011140S\u2011INT<\/h2>\n<h2>H\u01b0\u1edbng d\u1eabn \u0111\u1ecdc m\u00e3:<a href=\"https:\/\/stagro.com.vn\/wp-content\/uploads\/2026\/03\/321-1.png\"><img loading=\"lazy\" decoding=\"async\" class=\"aligncenter size-full wp-image-1049\" src=\"https:\/\/stagro.com.vn\/wp-content\/uploads\/2026\/03\/321-1.png\" alt=\"\" width=\"916\" height=\"322\" srcset=\"https:\/\/stagro.com.vn\/wp-content\/uploads\/2026\/03\/321-1.png 916w, https:\/\/stagro.com.vn\/wp-content\/uploads\/2026\/03\/321-1-300x105.png 300w, https:\/\/stagro.com.vn\/wp-content\/uploads\/2026\/03\/321-1-768x270.png 768w, https:\/\/stagro.com.vn\/wp-content\/uploads\/2026\/03\/321-1-18x6.png 18w, https:\/\/stagro.com.vn\/wp-content\/uploads\/2026\/03\/321-1-600x211.png 600w\" sizes=\"auto, (max-width: 916px) 100vw, 916px\" \/><\/a><\/h2>","protected":false},"excerpt":{"rendered":"<ul>\n<li aria-level=\"1\">T\u1ea3i tr\u1ecdng: 10kg<\/li>\n<li aria-level=\"1\">T\u1ea7m v\u1edbi t\u1ed1i \u0111a: 1422 mm<\/li>\n<li aria-level=\"1\">\u0110\u1ed9 ch\u00ednh x\u00e1c cao, t\u1ed1c \u0111\u1ed9 nhanh, k\u1ebft c\u1ea5u linh ho\u1ea1t<\/li>\n<li aria-level=\"1\">SKU: IR\u2011R10\u2011140S\u2011INT<\/li>\n<\/ul>\n<p data-start=\"26\" data-end=\"142\">Robot s\u00e1u kh\u1edbp d\u00f2ng IR-R10 c\u00f3 chi\u1ec1u d\u00e0i c\u00e1nh tay t\u1ed1i \u0111a 1422mm v\u00e0 t\u1ea3i tr\u1ecdng t\u1ed1i \u0111a 10kg, v\u1edbi c\u1ea5u tr\u00fac nh\u1ecf g\u1ecdn, tr\u1ecdng l\u01b0\u1ee3ng nh\u1eb9, \u0111\u1ed9 linh ho\u1ea1t cao, \u0111\u1ed9 ch\u00ednh x\u00e1c l\u1eb7p l\u1ea1i cao v\u00e0 t\u1ed1c \u0111\u1ed9 di chuy\u1ec3n nhanh. Robot c\u00f3 th\u1ec3 \u0111\u01b0\u1ee3c s\u1eed d\u1ee5ng trong vi\u1ec7c x\u1eed l\u00fd v\u1eadt li\u1ec7u, b\u1ed1c d\u1ee1 m\u00e1y c\u00f4ng c\u1ee5, d\u00e1n keo, lo\u1ea1i b\u1ecf bavia, m\u00e0i v\u00e0 \u0111\u00e1nh b\u00f3ng, h\u00e0n v\u00e0 c\u00e1c l\u0129nh v\u1ef1c kh\u00e1c.<\/p>","protected":false},"featured_media":1050,"comment_status":"open","ping_status":"closed","template":"","meta":{"_acf_changed":false},"product_brand":[73],"product_cat":[57,23],"product_tag":[],"class_list":{"0":"post-1048","1":"product","2":"type-product","3":"status-publish","4":"has-post-thumbnail","6":"product_brand-inovance","7":"product_cat-robot-robot","8":"product_cat-robot","10":"first","11":"instock","12":"featured","13":"shipping-taxable","14":"product-type-simple"},"acf":[],"_links":{"self":[{"href":"https:\/\/stagro.com.vn\/en\/wp-json\/wp\/v2\/product\/1048","targetHints":{"allow":["GET"]}}],"collection":[{"href":"https:\/\/stagro.com.vn\/en\/wp-json\/wp\/v2\/product"}],"about":[{"href":"https:\/\/stagro.com.vn\/en\/wp-json\/wp\/v2\/types\/product"}],"replies":[{"embeddable":true,"href":"https:\/\/stagro.com.vn\/en\/wp-json\/wp\/v2\/comments?post=1048"}],"wp:featuredmedia":[{"embeddable":true,"href":"https:\/\/stagro.com.vn\/en\/wp-json\/wp\/v2\/media\/1050"}],"wp:attachment":[{"href":"https:\/\/stagro.com.vn\/en\/wp-json\/wp\/v2\/media?parent=1048"}],"wp:term":[{"taxonomy":"product_brand","embeddable":true,"href":"https:\/\/stagro.com.vn\/en\/wp-json\/wp\/v2\/product_brand?post=1048"},{"taxonomy":"product_cat","embeddable":true,"href":"https:\/\/stagro.com.vn\/en\/wp-json\/wp\/v2\/product_cat?post=1048"},{"taxonomy":"product_tag","embeddable":true,"href":"https:\/\/stagro.com.vn\/en\/wp-json\/wp\/v2\/product_tag?post=1048"}],"curies":[{"name":"wp","href":"https:\/\/api.w.org\/{rel}","templated":true}]}}