{"id":1045,"date":"2026-03-30T03:16:32","date_gmt":"2026-03-30T03:16:32","guid":{"rendered":"https:\/\/stagro.com.vn\/?post_type=product&#038;p=1045"},"modified":"2026-04-01T04:40:25","modified_gmt":"2026-04-01T04:40:25","slug":"six-joint-robot-inovance-11kg-900mm","status":"publish","type":"product","link":"https:\/\/stagro.com.vn\/en\/product\/six-joint-robot-inovance-11kg-900mm\/","title":{"rendered":"Six-joint Robot Inovance 11kg, 900mm"},"content":{"rendered":"<h2>M\u00e3 s\u1ea3n ph\u1ea9m: IR\u2011R11\u201190S\u2011INT<\/h2>\n<h2>H\u01b0\u1edbng d\u1eabn \u0111\u1ecdc m\u00e3:<a href=\"https:\/\/stagro.com.vn\/wp-content\/uploads\/2026\/03\/123-1.png\"><img loading=\"lazy\" decoding=\"async\" class=\"aligncenter size-full wp-image-1039\" src=\"https:\/\/stagro.com.vn\/wp-content\/uploads\/2026\/03\/123-1.png\" alt=\"\" width=\"872\" height=\"405\" srcset=\"https:\/\/stagro.com.vn\/wp-content\/uploads\/2026\/03\/123-1.png 872w, https:\/\/stagro.com.vn\/wp-content\/uploads\/2026\/03\/123-1-300x139.png 300w, https:\/\/stagro.com.vn\/wp-content\/uploads\/2026\/03\/123-1-768x357.png 768w, https:\/\/stagro.com.vn\/wp-content\/uploads\/2026\/03\/123-1-18x8.png 18w, https:\/\/stagro.com.vn\/wp-content\/uploads\/2026\/03\/123-1-600x279.png 600w\" sizes=\"auto, (max-width: 872px) 100vw, 872px\" \/><\/a><\/h2>","protected":false},"excerpt":{"rendered":"<ul>\n<li aria-level=\"1\">T\u1ea3i tr\u1ecdng: 11kg<\/li>\n<li aria-level=\"1\">T\u1ea7m v\u1edbi t\u1ed1i \u0111a: 901.9 mm<\/li>\n<li aria-level=\"1\">\u0110\u1ed9 ch\u00ednh x\u00e1c cao, t\u1ed1c \u0111\u1ed9 nhanh, k\u1ebft c\u1ea5u linh ho\u1ea1t<\/li>\n<li aria-level=\"1\">SKU: IR\u2011R11\u201190S\u2011INT<\/li>\n<\/ul>\n<p data-start=\"26\" data-end=\"142\">Robot s\u00e1u kh\u1edbp d\u00f2ng IR-R11 c\u00f3 c\u1ea5u tr\u00fac nh\u1ecf g\u1ecdn, v\u1edbi chi\u1ec1u cao to\u00e0n m\u00e1y v\u00e0 chi\u1ec1u cao k\u1ebft c\u1ea5u t\u01b0\u01a1ng \u0111\u1ed1i th\u1ea5p. C\u00e1c ng\u00e0nh \u1ee9ng d\u1ee5ng ch\u1ee7 y\u1ebfu t\u1eadp trung v\u00e0o l\u0129nh v\u1ef1c \u0111i\u1ec7n t\u1eed 3C, pin lithium, quang \u0111i\u1ec7n v\u00e0 m\u00e0n h\u00ecnh, \u0111\u1ed3ng th\u1eddi \u0111\u00e1p \u1ee9ng nhu c\u1ea7u \u1ee9ng d\u1ee5ng c\u1ee7a c\u00e1c s\u1ea3n ph\u1ea9m trong c\u00e1c k\u1ecbch b\u1ea3n l\u1eafp r\u00e1p v\u00e0 d\u00e1n keo.<\/p>","protected":false},"featured_media":1041,"comment_status":"open","ping_status":"closed","template":"","meta":{"_acf_changed":false},"product_brand":[73],"product_cat":[57,23],"product_tag":[],"class_list":{"0":"post-1045","1":"product","2":"type-product","3":"status-publish","4":"has-post-thumbnail","6":"product_brand-inovance","7":"product_cat-robot-robot","8":"product_cat-robot","10":"first","11":"instock","12":"shipping-taxable","13":"product-type-simple"},"acf":[],"_links":{"self":[{"href":"https:\/\/stagro.com.vn\/en\/wp-json\/wp\/v2\/product\/1045","targetHints":{"allow":["GET"]}}],"collection":[{"href":"https:\/\/stagro.com.vn\/en\/wp-json\/wp\/v2\/product"}],"about":[{"href":"https:\/\/stagro.com.vn\/en\/wp-json\/wp\/v2\/types\/product"}],"replies":[{"embeddable":true,"href":"https:\/\/stagro.com.vn\/en\/wp-json\/wp\/v2\/comments?post=1045"}],"wp:featuredmedia":[{"embeddable":true,"href":"https:\/\/stagro.com.vn\/en\/wp-json\/wp\/v2\/media\/1041"}],"wp:attachment":[{"href":"https:\/\/stagro.com.vn\/en\/wp-json\/wp\/v2\/media?parent=1045"}],"wp:term":[{"taxonomy":"product_brand","embeddable":true,"href":"https:\/\/stagro.com.vn\/en\/wp-json\/wp\/v2\/product_brand?post=1045"},{"taxonomy":"product_cat","embeddable":true,"href":"https:\/\/stagro.com.vn\/en\/wp-json\/wp\/v2\/product_cat?post=1045"},{"taxonomy":"product_tag","embeddable":true,"href":"https:\/\/stagro.com.vn\/en\/wp-json\/wp\/v2\/product_tag?post=1045"}],"curies":[{"name":"wp","href":"https:\/\/api.w.org\/{rel}","templated":true}]}}