{"id":1033,"date":"2026-03-28T09:54:56","date_gmt":"2026-03-28T09:54:56","guid":{"rendered":"https:\/\/stagro.com.vn\/?post_type=product&#038;p=1033"},"modified":"2026-04-01T04:41:28","modified_gmt":"2026-04-01T04:41:28","slug":"six-joint-robot-inovance-7kg-700mm-2","status":"publish","type":"product","link":"https:\/\/stagro.com.vn\/en\/product\/six-joint-robot-inovance-7kg-700mm-2\/","title":{"rendered":"Six-joint Robot Inovance 7kg, 700mm"},"content":{"rendered":"<h2>M\u00e3 s\u1ea3n ph\u1ea9m: IRS311-7-70TS-INT<\/h2>\n<h2>H\u01b0\u1edbng d\u1eabn \u0111\u1ecdc m\u00e3:<a href=\"https:\/\/stagro.com.vn\/wp-content\/uploads\/2026\/03\/12345.png\"><img loading=\"lazy\" decoding=\"async\" class=\"aligncenter size-full wp-image-1034\" src=\"https:\/\/stagro.com.vn\/wp-content\/uploads\/2026\/03\/12345.png\" alt=\"\" width=\"892\" height=\"433\" srcset=\"https:\/\/stagro.com.vn\/wp-content\/uploads\/2026\/03\/12345.png 892w, https:\/\/stagro.com.vn\/wp-content\/uploads\/2026\/03\/12345-300x146.png 300w, https:\/\/stagro.com.vn\/wp-content\/uploads\/2026\/03\/12345-768x373.png 768w, https:\/\/stagro.com.vn\/wp-content\/uploads\/2026\/03\/12345-18x9.png 18w, https:\/\/stagro.com.vn\/wp-content\/uploads\/2026\/03\/12345-600x291.png 600w\" sizes=\"auto, (max-width: 892px) 100vw, 892px\" \/><\/a><\/h2>","protected":false},"excerpt":{"rendered":"<ul>\n<li aria-level=\"1\">T\u1ea3i tr\u1ecdng: 7kg<\/li>\n<li aria-level=\"1\">T\u1ea7m v\u1edbi t\u1ed1i \u0111a: 717 mm<\/li>\n<li aria-level=\"1\">\u0110\u1ed9 ch\u00ednh x\u00e1c cao, t\u1ed1c \u0111\u1ed9 nhanh, k\u1ebft c\u1ea5u linh ho\u1ea1t<\/li>\n<li aria-level=\"1\">SKU: IRS311-7-70TS-INT<\/li>\n<\/ul>\n<p data-start=\"26\" data-end=\"142\">Robot 6 kh\u1edbp IRS311-7 phi\u00ean b\u1ea3n ti\u00eau chu\u1ea9n c\u00f3 chi\u1ec1u d\u00e0i c\u00e1nh tay t\u1ed1i \u0111a 717mm, t\u1ea3i tr\u1ecdng t\u1ed1i \u0111a l\u00ean \u0111\u1ebfn 7kg, v\u00e0 thi\u1ebft k\u1ebf c\u1ea5u tr\u00fac c\u1ed5 tay r\u1ed7ng, gi\u00fap vi\u1ec7c \u0111i d\u00e2y robot thu\u1eadn ti\u1ec7n h\u01a1n v\u00e0 tr\u00e1nh \u1ea3nh h\u01b0\u1edfng c\u1ee7a vi\u1ec7c m\u00e0i m\u00f2n \u0111\u01b0\u1eddng \u1ed1ng d\u00e2y ngo\u1ea1i vi \u0111\u1ebfn m\u00f4i tr\u01b0\u1eddng s\u1ea3n xu\u1ea5t.<\/p>","protected":false},"featured_media":1035,"comment_status":"open","ping_status":"closed","template":"","meta":{"_acf_changed":false},"product_brand":[73],"product_cat":[57,23],"product_tag":[],"class_list":{"0":"post-1033","1":"product","2":"type-product","3":"status-publish","4":"has-post-thumbnail","6":"product_brand-inovance","7":"product_cat-robot-robot","8":"product_cat-robot","10":"first","11":"instock","12":"shipping-taxable","13":"product-type-simple"},"acf":[],"_links":{"self":[{"href":"https:\/\/stagro.com.vn\/en\/wp-json\/wp\/v2\/product\/1033","targetHints":{"allow":["GET"]}}],"collection":[{"href":"https:\/\/stagro.com.vn\/en\/wp-json\/wp\/v2\/product"}],"about":[{"href":"https:\/\/stagro.com.vn\/en\/wp-json\/wp\/v2\/types\/product"}],"replies":[{"embeddable":true,"href":"https:\/\/stagro.com.vn\/en\/wp-json\/wp\/v2\/comments?post=1033"}],"wp:featuredmedia":[{"embeddable":true,"href":"https:\/\/stagro.com.vn\/en\/wp-json\/wp\/v2\/media\/1035"}],"wp:attachment":[{"href":"https:\/\/stagro.com.vn\/en\/wp-json\/wp\/v2\/media?parent=1033"}],"wp:term":[{"taxonomy":"product_brand","embeddable":true,"href":"https:\/\/stagro.com.vn\/en\/wp-json\/wp\/v2\/product_brand?post=1033"},{"taxonomy":"product_cat","embeddable":true,"href":"https:\/\/stagro.com.vn\/en\/wp-json\/wp\/v2\/product_cat?post=1033"},{"taxonomy":"product_tag","embeddable":true,"href":"https:\/\/stagro.com.vn\/en\/wp-json\/wp\/v2\/product_tag?post=1033"}],"curies":[{"name":"wp","href":"https:\/\/api.w.org\/{rel}","templated":true}]}}