{"id":1025,"date":"2026-03-28T09:12:30","date_gmt":"2026-03-28T09:12:30","guid":{"rendered":"https:\/\/stagro.com.vn\/?post_type=product&#038;p=1025"},"modified":"2026-04-01T04:42:23","modified_gmt":"2026-04-01T04:42:23","slug":"six-joint-robot-inovance-4kg-540mm","status":"publish","type":"product","link":"https:\/\/stagro.com.vn\/en\/product\/six-joint-robot-inovance-4kg-540mm\/","title":{"rendered":"Six-joint Robot Inovance 4kg, 540mm"},"content":{"rendered":"<h2>M\u00e3 s\u1ea3n ph\u1ea9m: IR-R4H-54S-INT<\/h2>\n<h2>H\u01b0\u1edbng d\u1eabn \u0111\u1ecdc m\u00e3:<a href=\"https:\/\/stagro.com.vn\/wp-content\/uploads\/2026\/03\/1234.png\"><img loading=\"lazy\" decoding=\"async\" class=\"aligncenter size-full wp-image-1021\" src=\"https:\/\/stagro.com.vn\/wp-content\/uploads\/2026\/03\/1234.png\" alt=\"\" width=\"562\" height=\"330\" srcset=\"https:\/\/stagro.com.vn\/wp-content\/uploads\/2026\/03\/1234.png 562w, https:\/\/stagro.com.vn\/wp-content\/uploads\/2026\/03\/1234-300x176.png 300w, https:\/\/stagro.com.vn\/wp-content\/uploads\/2026\/03\/1234-18x12.png 18w\" sizes=\"auto, (max-width: 562px) 100vw, 562px\" \/><\/a><\/h2>","protected":false},"excerpt":{"rendered":"<ul>\n<li aria-level=\"1\">T\u1ea3i tr\u1ecdng: 4kg<\/li>\n<li aria-level=\"1\">T\u1ea7m v\u1edbi t\u1ed1i \u0111a: 545.7mm<\/li>\n<li aria-level=\"1\">\u0110\u1ed9 ch\u00ednh x\u00e1c cao, t\u1ed1c \u0111\u1ed9 nhanh, k\u1ebft c\u1ea5u linh ho\u1ea1t<\/li>\n<li aria-level=\"1\">SKU: IR-R4H-54S-INT<\/li>\n<\/ul>\n<p data-start=\"26\" data-end=\"142\">Robot 6 tr\u1ee5c d\u00f2ng IR-R4 c\u00f3 thi\u1ebft k\u1ebf nh\u1ecf g\u1ecdn, t\u1ed1i \u01b0u v\u1ec1 chi\u1ec1u cao v\u00e0 k\u1ebft c\u1ea5u, \u0111\u1ea1t ti\u00eau chu\u1ea9n ti\u00ean ti\u1ebfn trong ng\u00e0nh. Robot \u0111\u01b0\u1ee3c \u1ee9ng d\u1ee5ng ch\u1ee7 y\u1ebfu trong c\u00e1c ng\u00e0nh 3C, pin lithium, quang \u0111i\u1ec7n, m\u00e0n h\u00ecnh, \u0111\u1ed3ng th\u1eddi \u0111\u00e1p \u1ee9ng t\u1ed1t c\u00e1c nhu c\u1ea7u l\u1eafp r\u00e1p v\u00e0 b\u1eafn keo.<\/p>","protected":false},"featured_media":1022,"comment_status":"open","ping_status":"closed","template":"","meta":{"_acf_changed":false},"product_brand":[73],"product_cat":[57,23],"product_tag":[],"class_list":{"0":"post-1025","1":"product","2":"type-product","3":"status-publish","4":"has-post-thumbnail","6":"product_brand-inovance","7":"product_cat-robot-robot","8":"product_cat-robot","10":"first","11":"instock","12":"shipping-taxable","13":"product-type-simple"},"acf":[],"_links":{"self":[{"href":"https:\/\/stagro.com.vn\/en\/wp-json\/wp\/v2\/product\/1025","targetHints":{"allow":["GET"]}}],"collection":[{"href":"https:\/\/stagro.com.vn\/en\/wp-json\/wp\/v2\/product"}],"about":[{"href":"https:\/\/stagro.com.vn\/en\/wp-json\/wp\/v2\/types\/product"}],"replies":[{"embeddable":true,"href":"https:\/\/stagro.com.vn\/en\/wp-json\/wp\/v2\/comments?post=1025"}],"wp:featuredmedia":[{"embeddable":true,"href":"https:\/\/stagro.com.vn\/en\/wp-json\/wp\/v2\/media\/1022"}],"wp:attachment":[{"href":"https:\/\/stagro.com.vn\/en\/wp-json\/wp\/v2\/media?parent=1025"}],"wp:term":[{"taxonomy":"product_brand","embeddable":true,"href":"https:\/\/stagro.com.vn\/en\/wp-json\/wp\/v2\/product_brand?post=1025"},{"taxonomy":"product_cat","embeddable":true,"href":"https:\/\/stagro.com.vn\/en\/wp-json\/wp\/v2\/product_cat?post=1025"},{"taxonomy":"product_tag","embeddable":true,"href":"https:\/\/stagro.com.vn\/en\/wp-json\/wp\/v2\/product_tag?post=1025"}],"curies":[{"name":"wp","href":"https:\/\/api.w.org\/{rel}","templated":true}]}}