{"id":1012,"date":"2026-03-28T07:17:38","date_gmt":"2026-03-28T07:17:38","guid":{"rendered":"https:\/\/stagro.com.vn\/?post_type=product&#038;p=1012"},"modified":"2026-04-01T04:43:15","modified_gmt":"2026-04-01T04:43:15","slug":"ceiling-mounted-scara-robot-inovance-4kg-350mm","status":"publish","type":"product","link":"https:\/\/stagro.com.vn\/en\/product\/ceiling-mounted-scara-robot-inovance-4kg-350mm\/","title":{"rendered":"Ceiling-Mounted Scara Robot Inovance 4KG, 350mm"},"content":{"rendered":"<h2>M\u00e3 s\u1ea3n ph\u1ea9m: IR-TS4-35Z15S-INT<\/h2>\n<h2>H\u01b0\u1edbng d\u1eabn \u0111\u1ecdc m\u00e3:<a href=\"https:\/\/stagro.com.vn\/wp-content\/uploads\/2026\/03\/321.png\"><img loading=\"lazy\" decoding=\"async\" class=\"aligncenter size-full wp-image-1014\" src=\"https:\/\/stagro.com.vn\/wp-content\/uploads\/2026\/03\/321.png\" alt=\"\" width=\"487\" height=\"281\" srcset=\"https:\/\/stagro.com.vn\/wp-content\/uploads\/2026\/03\/321.png 487w, https:\/\/stagro.com.vn\/wp-content\/uploads\/2026\/03\/321-300x173.png 300w, https:\/\/stagro.com.vn\/wp-content\/uploads\/2026\/03\/321-18x10.png 18w\" sizes=\"auto, (max-width: 487px) 100vw, 487px\" \/><\/a><\/h2>","protected":false},"excerpt":{"rendered":"<ul>\n<li aria-level=\"1\">T\u1ea3i tr\u1ecdng: 4kg<\/li>\n<li aria-level=\"1\">Chi\u1ec1u d\u00e0i c\u00e1nh tay: 350mm<\/li>\n<li aria-level=\"1\">\u0110\u1ed9 ch\u00ednh x\u00e1c cao, t\u1ed1c \u0111\u1ed9 nhanh, k\u1ebft c\u1ea5u linh ho\u1ea1t<\/li>\n<li aria-level=\"1\">SKU: IR-TS4-35Z15S-INT<\/li>\n<\/ul>\n<p data-start=\"26\" data-end=\"227\">D\u00f2ng robot SCARA IR-TS4 l\u00e0 th\u1ebf h\u1ec7 m\u1edbi c\u1ee7a Inovance, thi\u1ebft k\u1ebf l\u1eafp tr\u1ea7n gi\u00fap ti\u1ebft ki\u1ec7m kh\u00f4ng gian. C\u1ea5u tr\u00fac tay \u0111\u00f2n b\u1eb1ng nhau gi\u00fap v\u00f9ng l\u00e0m vi\u1ec7c kh\u00f4ng c\u00f3 \u0111i\u1ec3m ch\u1ebft, thu\u1eadn ti\u1ec7n b\u1ed1 tr\u00ed d\u00e2y chuy\u1ec1n. Robot c\u00f3 hi\u1ec7u su\u1ea5t cao, k\u1ebft c\u1ea5u nh\u1ecf g\u1ecdn, d\u1ec5 b\u1ea3o tr\u00ec v\u00e0 chu k\u1ef3 l\u00e0m vi\u1ec7c nhanh, \u0111\u1ea1t ti\u00eau chu\u1ea9n h\u00e0ng \u0111\u1ea7u trong ng\u00e0nh. Ph\u00f9 h\u1ee3p cho c\u00e1c ng\u00e0nh 3C, pin lithium, quang \u0111i\u1ec7n, m\u00e0n h\u00ecnh v\u00e0 c\u00e1c \u1ee9ng d\u1ee5ng l\u1eafp r\u00e1p, b\u1eafn keo.<\/p>","protected":false},"featured_media":1016,"comment_status":"open","ping_status":"closed","template":"","meta":{"_acf_changed":false},"product_brand":[73],"product_cat":[57,23],"product_tag":[],"class_list":{"0":"post-1012","1":"product","2":"type-product","3":"status-publish","4":"has-post-thumbnail","6":"product_brand-inovance","7":"product_cat-robot-robot","8":"product_cat-robot","10":"first","11":"instock","12":"featured","13":"shipping-taxable","14":"product-type-simple"},"acf":[],"_links":{"self":[{"href":"https:\/\/stagro.com.vn\/en\/wp-json\/wp\/v2\/product\/1012","targetHints":{"allow":["GET"]}}],"collection":[{"href":"https:\/\/stagro.com.vn\/en\/wp-json\/wp\/v2\/product"}],"about":[{"href":"https:\/\/stagro.com.vn\/en\/wp-json\/wp\/v2\/types\/product"}],"replies":[{"embeddable":true,"href":"https:\/\/stagro.com.vn\/en\/wp-json\/wp\/v2\/comments?post=1012"}],"wp:featuredmedia":[{"embeddable":true,"href":"https:\/\/stagro.com.vn\/en\/wp-json\/wp\/v2\/media\/1016"}],"wp:attachment":[{"href":"https:\/\/stagro.com.vn\/en\/wp-json\/wp\/v2\/media?parent=1012"}],"wp:term":[{"taxonomy":"product_brand","embeddable":true,"href":"https:\/\/stagro.com.vn\/en\/wp-json\/wp\/v2\/product_brand?post=1012"},{"taxonomy":"product_cat","embeddable":true,"href":"https:\/\/stagro.com.vn\/en\/wp-json\/wp\/v2\/product_cat?post=1012"},{"taxonomy":"product_tag","embeddable":true,"href":"https:\/\/stagro.com.vn\/en\/wp-json\/wp\/v2\/product_tag?post=1012"}],"curies":[{"name":"wp","href":"https:\/\/api.w.org\/{rel}","templated":true}]}}