{"id":1005,"date":"2026-03-28T06:40:26","date_gmt":"2026-03-28T06:40:26","guid":{"rendered":"https:\/\/stagro.com.vn\/?post_type=product&#038;p=1005"},"modified":"2026-04-01T04:43:54","modified_gmt":"2026-04-01T04:43:54","slug":"scara-robot-inovance-60kg-1200mm","status":"publish","type":"product","link":"https:\/\/stagro.com.vn\/en\/product\/scara-robot-inovance-60kg-1200mm\/","title":{"rendered":"Scara Robot Inovance 60KG, 1200mm"},"content":{"rendered":"<h2>M\u00e3 s\u1ea3n ph\u1ea9m: IR-S60-120Z40S-INT<\/h2>\n<h2>H\u01b0\u1edbng d\u1eabn \u0111\u1ecdc m\u00e3:<\/h2>\n<p><a href=\"https:\/\/stagro.com.vn\/wp-content\/uploads\/2026\/03\/123.png\"><img loading=\"lazy\" decoding=\"async\" class=\"aligncenter size-full wp-image-1006\" src=\"https:\/\/stagro.com.vn\/wp-content\/uploads\/2026\/03\/123.png\" alt=\"\" width=\"888\" height=\"487\" srcset=\"https:\/\/stagro.com.vn\/wp-content\/uploads\/2026\/03\/123.png 888w, https:\/\/stagro.com.vn\/wp-content\/uploads\/2026\/03\/123-300x165.png 300w, https:\/\/stagro.com.vn\/wp-content\/uploads\/2026\/03\/123-768x421.png 768w, https:\/\/stagro.com.vn\/wp-content\/uploads\/2026\/03\/123-18x10.png 18w, https:\/\/stagro.com.vn\/wp-content\/uploads\/2026\/03\/123-600x329.png 600w\" sizes=\"auto, (max-width: 888px) 100vw, 888px\" \/><\/a><\/p>","protected":false},"excerpt":{"rendered":"<ul>\n<li aria-level=\"1\">T\u1ea3i tr\u1ecdng: 60kg<\/li>\n<li aria-level=\"1\">Chi\u1ec1u d\u00e0i c\u00e1nh tay: 1200mm<\/li>\n<li aria-level=\"1\">\u0110\u1ed9 ch\u00ednh x\u00e1c cao, t\u1ed1c \u0111\u1ed9 nhanh, k\u1ebft c\u1ea5u c\u1ee9ng v\u1eefng nh\u01b0ng linh ho\u1ea1t<\/li>\n<li aria-level=\"1\">SKU: IR-S60-120Z40S-INT<\/li>\n<\/ul>\n<p data-start=\"0\" data-end=\"179\">Robot SCARA d\u00f2ng IR-S60 c\u00f3 t\u1ea3i tr\u1ecdng t\u1ed1i \u0111a 60kg v\u00e0 th\u1eddi gian chu k\u1ef3 0.84s, \u0111\u1ea1t hi\u1ec7u su\u1ea5t h\u00e0ng \u0111\u1ea7u trong ng\u00e0nh, v\u1edbi t\u1ed1c \u0111\u1ed9 cao, \u0111\u1ed9 ch\u00ednh x\u00e1c cao v\u00e0 c\u1ee9ng c\u00e1p.<\/p>","protected":false},"featured_media":1007,"comment_status":"open","ping_status":"closed","template":"","meta":{"_acf_changed":false},"product_brand":[73],"product_cat":[57,23],"product_tag":[],"class_list":{"0":"post-1005","1":"product","2":"type-product","3":"status-publish","4":"has-post-thumbnail","6":"product_brand-inovance","7":"product_cat-robot-robot","8":"product_cat-robot","10":"first","11":"instock","12":"shipping-taxable","13":"product-type-simple"},"acf":[],"_links":{"self":[{"href":"https:\/\/stagro.com.vn\/en\/wp-json\/wp\/v2\/product\/1005","targetHints":{"allow":["GET"]}}],"collection":[{"href":"https:\/\/stagro.com.vn\/en\/wp-json\/wp\/v2\/product"}],"about":[{"href":"https:\/\/stagro.com.vn\/en\/wp-json\/wp\/v2\/types\/product"}],"replies":[{"embeddable":true,"href":"https:\/\/stagro.com.vn\/en\/wp-json\/wp\/v2\/comments?post=1005"}],"wp:featuredmedia":[{"embeddable":true,"href":"https:\/\/stagro.com.vn\/en\/wp-json\/wp\/v2\/media\/1007"}],"wp:attachment":[{"href":"https:\/\/stagro.com.vn\/en\/wp-json\/wp\/v2\/media?parent=1005"}],"wp:term":[{"taxonomy":"product_brand","embeddable":true,"href":"https:\/\/stagro.com.vn\/en\/wp-json\/wp\/v2\/product_brand?post=1005"},{"taxonomy":"product_cat","embeddable":true,"href":"https:\/\/stagro.com.vn\/en\/wp-json\/wp\/v2\/product_cat?post=1005"},{"taxonomy":"product_tag","embeddable":true,"href":"https:\/\/stagro.com.vn\/en\/wp-json\/wp\/v2\/product_tag?post=1005"}],"curies":[{"name":"wp","href":"https:\/\/api.w.org\/{rel}","templated":true}]}}