{"id":396,"date":"2025-09-21T07:18:07","date_gmt":"2025-09-21T07:18:07","guid":{"rendered":"https:\/\/stagro.com.vn\/?page_id=396"},"modified":"2025-09-21T07:21:31","modified_gmt":"2025-09-21T07:21:31","slug":"dang-ky","status":"publish","type":"page","link":"https:\/\/stagro.com.vn\/en\/dang-ky\/","title":{"rendered":"Register"},"content":{"rendered":"<div class=\"account-register-page\">\r\n    <h3 class=\"uppercase\">Register<\/h3>\r\n    <form method=\"post\" class=\"woocommerce-form woocommerce-form-register register\" action=\"\" >\r\n\r\n        \r\n        <p class=\"woocommerce-form-row woocommerce-form-row--wide form-row form-row-wide\">\r\n            <label for=\"reg_email\">Email <span class=\"required\">*<\/span><\/label>\r\n            <input type=\"email\" class=\"woocommerce-Input input-text\" name=\"email\" id=\"reg_email\"\r\n                autocomplete=\"email\"\r\n                value=\"\" required \/>\r\n        <\/p>\r\n\r\n        <p class=\"woocommerce-form-row woocommerce-form-row--wide form-row form-row-wide\">\r\n            <label for=\"reg_password\">Password <span class=\"required\">*<\/span><\/label>\r\n            <input type=\"password\" class=\"woocommerce-Input input-text\" name=\"password\" id=\"reg_password\" autocomplete=\"new-password\" required \/>\r\n        <\/p>\r\n\r\n        <wc-order-attribution-inputs><\/wc-order-attribution-inputs><div class=\"woocommerce-privacy-policy-text\"><\/div>\r\n        <!-- Tr\u01b0\u1eddng hidden \u0111\u1ec3 WooCommerce nh\u1eadn ra \u0111\u00e2y l\u00e0 form \u0111\u0103ng k\u00fd -->\r\n        <input type=\"hidden\" name=\"register\" value=\"\u0110\u0103ng k\u00fd\" \/>\r\n\r\n        <p class=\"woocommerce-form-row form-row\">\r\n            <input type=\"hidden\" id=\"woocommerce-register-nonce\" name=\"woocommerce-register-nonce\" value=\"2794b62043\" \/><input type=\"hidden\" name=\"_wp_http_referer\" value=\"\/en\/wp-json\/wp\/v2\/pages\/396\" \/>            <button type=\"submit\" class=\"woocommerce-Button button woocommerce-form-register__submit\" name=\"register\" value=\"Resgister\" data-no-translation-value=\"\">\r\n                Resgister            <\/button>\r\n        <\/p>\r\n\r\n            <input type=\"hidden\" name=\"trp-form-language\" value=\"en\"\/><\/form>\r\n\r\n<\/div>","protected":false},"excerpt":{"rendered":"","protected":false},"author":1,"featured_media":0,"parent":0,"menu_order":0,"comment_status":"closed","ping_status":"closed","template":"","meta":{"_acf_changed":false,"footnotes":""},"class_list":["post-396","page","type-page","status-publish","hentry"],"acf":[],"_links":{"self":[{"href":"https:\/\/stagro.com.vn\/en\/wp-json\/wp\/v2\/pages\/396","targetHints":{"allow":["GET"]}}],"collection":[{"href":"https:\/\/stagro.com.vn\/en\/wp-json\/wp\/v2\/pages"}],"about":[{"href":"https:\/\/stagro.com.vn\/en\/wp-json\/wp\/v2\/types\/page"}],"author":[{"embeddable":true,"href":"https:\/\/stagro.com.vn\/en\/wp-json\/wp\/v2\/users\/1"}],"replies":[{"embeddable":true,"href":"https:\/\/stagro.com.vn\/en\/wp-json\/wp\/v2\/comments?post=396"}],"version-history":[{"count":2,"href":"https:\/\/stagro.com.vn\/en\/wp-json\/wp\/v2\/pages\/396\/revisions"}],"predecessor-version":[{"id":398,"href":"https:\/\/stagro.com.vn\/en\/wp-json\/wp\/v2\/pages\/396\/revisions\/398"}],"wp:attachment":[{"href":"https:\/\/stagro.com.vn\/en\/wp-json\/wp\/v2\/media?parent=396"}],"curies":[{"name":"wp","href":"https:\/\/api.w.org\/{rel}","templated":true}]}}